{"id":3284,"date":"2021-01-09T12:49:15","date_gmt":"2021-01-09T11:49:15","guid":{"rendered":"https:\/\/tean.ch\/products\/"},"modified":"2023-11-06T14:43:52","modified_gmt":"2023-11-06T13:43:52","slug":"products","status":"publish","type":"page","link":"https:\/\/tean.ch\/en\/products\/","title":{"rendered":"Products"},"content":{"rendered":"<div class=\"gb-container gb-container-643a2263\"><div class=\"gb-inside-container\">\n<div class=\"gb-grid-wrapper gb-grid-wrapper-79c410ba\">\n<div class=\"gb-grid-column gb-grid-column-c41599c6\"><div class=\"gb-container gb-container-c41599c6\"><div class=\"gb-inside-container\">\n<div class=\"gb-grid-wrapper gb-grid-wrapper-82882ba0\">\n<div class=\"gb-grid-column gb-grid-column-62e20c36\"><div class=\"gb-container gb-container-62e20c36\"><div class=\"gb-inside-container\">\n<div class=\"gb-container gb-container-7a77dda1\"><div class=\"gb-inside-container\">\n<div class=\"gb-grid-wrapper gb-grid-wrapper-d3eedb24\">\n<div class=\"gb-grid-column gb-grid-column-71a32a0a\"><div class=\"gb-container gb-container-71a32a0a\"><div class=\"gb-inside-container\">\n\n<figure class=\"gb-block-image gb-block-image-8d9180c1\"><a href=\"https:\/\/play.google.com\/store\/apps\/details?id=com.nectoria.teanappmobile\"><img loading=\"lazy\" decoding=\"async\" width=\"186\" height=\"57\" class=\"gb-image gb-image-8d9180c1\" src=\"https:\/\/tean.ch\/wp-content\/uploads\/2022\/07\/GooglePlay.png\" alt=\"\" title=\"GooglePlay\"\/><\/a>\nAndroid Smartphone App\n<\/figure>\n\n<\/div><\/div><\/div>\n\n<div class=\"gb-grid-column gb-grid-column-ab9c8ec9\"><div class=\"gb-container gb-container-ab9c8ec9\"><div class=\"gb-inside-container\">\n\n<figure class=\"gb-block-image gb-block-image-90c873b1\"><a href=\"https:\/\/play.google.com\/store\/apps\/details?id=com.nectoria.teanapp\"><img loading=\"lazy\" decoding=\"async\" width=\"186\" height=\"57\" class=\"gb-image gb-image-90c873b1\" src=\"https:\/\/tean.ch\/wp-content\/uploads\/2022\/07\/GooglePlay.png\" alt=\"\" title=\"GooglePlay\"\/><\/a>\nWearOS smartwatch App\n<\/figure>\n\n<\/div><\/div><\/div>\n<\/div>\n\n\n<hr class=\"wp-block-separator has-alpha-channel-opacity\"\/>\n\n<\/div><\/div>\n\n\n<h1 class=\"gb-headline gb-headline-7c01af40 gb-headline-text\">App to learn reading the analog clock without numbers<\/h1>\n\n<\/div><\/div><\/div>\n\n<div class=\"gb-grid-column gb-grid-column-34a5c8d2\"><div class=\"gb-container gb-container-34a5c8d2\"><div class=\"gb-inside-container\">\n<div class=\"wp-block-image\">\n<figure class=\"aligncenter size-full is-resized\"><img loading=\"lazy\" decoding=\"async\" src=\"https:\/\/tean.ch\/wp-content\/uploads\/2022\/04\/WF7_GuessTheMinute_10h35-1.png\" alt=\"\" class=\"wp-image-2544\" width=\"472\" height=\"473\" srcset=\"https:\/\/tean.ch\/wp-content\/uploads\/2022\/04\/WF7_GuessTheMinute_10h35-1.png 472w, https:\/\/tean.ch\/wp-content\/uploads\/2022\/04\/WF7_GuessTheMinute_10h35-1-300x300.png 300w, https:\/\/tean.ch\/wp-content\/uploads\/2022\/04\/WF7_GuessTheMinute_10h35-1-150x150.png 150w\" sizes=\"auto, (max-width: 472px) 100vw, 472px\" \/><figcaption class=\"wp-element-caption\">A fun and unusual app, to learn to tell time on increasingly simplified and abstract analog dials.&#13;\n<\/figcaption><\/figure>\n<\/div>\n<\/div><\/div><\/div>\n<\/div>\n\n<div class=\"gb-grid-wrapper gb-grid-wrapper-b6e78805\">\n<div class=\"gb-grid-column gb-grid-column-893c51f2\"><div class=\"gb-container gb-container-893c51f2\"><div class=\"gb-inside-container\">\n<div class=\"wp-block-image\">\n<figure class=\"aligncenter size-full\"><img loading=\"lazy\" decoding=\"async\" width=\"472\" height=\"473\" src=\"https:\/\/tean.ch\/wp-content\/uploads\/2022\/04\/WF0_24h_10h35.png\" alt=\"\" class=\"wp-image-2549\" srcset=\"https:\/\/tean.ch\/wp-content\/uploads\/2022\/04\/WF0_24h_10h35.png 472w, https:\/\/tean.ch\/wp-content\/uploads\/2022\/04\/WF0_24h_10h35-300x300.png 300w, https:\/\/tean.ch\/wp-content\/uploads\/2022\/04\/WF0_24h_10h35-150x150.png 150w\" sizes=\"auto, (max-width: 472px) 100vw, 472px\" \/><figcaption class=\"wp-element-caption\">A watch face <strong>showing the 24 hours<\/strong> and the minutes: great to learn!<\/figcaption><\/figure>\n<\/div>\n<\/div><\/div><\/div>\n<\/div>\n\n\n<h2 class=\"gb-headline gb-headline-2bffe279 gb-headline-text\">You like challenges? Then learn to tell the time in 16 languages!<\/h2>\n\n\n\n<p>D\u00e9couvre l&#8217;app TEAN. T\u00e9l\u00e9charge l&#8217;app et entra\u00eene-toi : <\/p>\n\n\n\n<p><strong>Follow the expressions of the hour throughout the day and take the QUIZ to test your level of expertise. <\/strong><\/p>\n\n\n\n<p><strong>tell time in 16 languages<\/strong> !<\/p>\n\n\n\n<p>Practice freely with the &#8220;exercise&#8221; function and discover the &#8220;read aloud&#8221; option of time expressions for 4 languages.<\/p>\n\n\n\n<p>Available on the google play store: to download on an android phone &#8211; or on a WearOS connected watch.<\/p>\n\n\n\n<hr class=\"wp-block-separator has-alpha-channel-opacity\"\/>\n\n\n\n<h2 class=\"gb-headline gb-headline-6b918be6 gb-headline-text\">TEAN app for <strong>android mobile phones<\/strong><\/h2>\n\n\n\n<p>with a <strong>&#8220;training&#8221;<\/strong> function to practice telling the time on increasingly abstract dials.<\/p>\n\n\n<div class=\"gb-button-wrapper gb-button-wrapper-d02c1c7d\">\n\n<a class=\"gb-button gb-button-78a3dc5c gb-button-text\" href=\"https:\/\/tean.ch\/en\/products\/android-mobile-phone-app\/\">learn more about the app for android mobile phones<\/a>\n\n<\/div>\n\n<div class=\"gb-grid-wrapper gb-grid-wrapper-ab6769f5\">\n<div class=\"gb-grid-column gb-grid-column-b8f62cec\"><div class=\"gb-container gb-container-b8f62cec\"><div class=\"gb-inside-container\">\n\n<figure class=\"wp-block-video aligncenter\"><video height=\"1080\" style=\"aspect-ratio: 1368 \/ 1080;\" width=\"1368\" controls=\"\" src=\"https:\/\/tean.ch\/wp-content\/uploads\/2022\/05\/20220514-TEAN-mobile-phone.mp4\"><\/video><figcaption class=\"wp-element-caption\">App for Android Mobile Phone<\/figcaption><\/figure>\n\n\n<div class=\"gb-button-wrapper gb-button-wrapper-4ca4cda0\">\n\n<a class=\"gb-button gb-button-cd348c6a gb-button-text\" href=\"https:\/\/play.google.com\/store\/apps\/details?id=com.nectoria.teanappmobile\">download the android mobile phone app here<\/a>\n\n<\/div>\n<\/div><\/div><\/div>\n<\/div>\n\n\n<hr class=\"wp-block-separator has-alpha-channel-opacity\"\/>\n\n\n\n<h2 class=\"gb-headline gb-headline-f96f914a gb-headline-text\">TEAN app for <strong>smartwatches (Wear OS)<\/strong>: read and learn the time in text for each language!< \/h2>\r\n\n\n<div class=\"gb-button-wrapper gb-button-wrapper-447ad16b\">\n\n<a class=\"gb-button gb-button-3746af99 gb-button-text\" href=\"https:\/\/tean.ch\/en\/products\/app-for-wearos-smartwatches\/?preview_id=2531&#038;preview_nonce=897c3d1647&#038;preview=true\">learn more about the TEAN app for smartwatches<\/a>\n\n<\/div>\n<\/div><\/div><\/div>\n<\/div>\n\n<div class=\"gb-grid-wrapper gb-grid-wrapper-cdd4d9bc\">\n<div class=\"gb-grid-column gb-grid-column-58109061\"><div class=\"gb-container gb-container-58109061\"><div class=\"gb-inside-container\">\n\n<figure class=\"wp-block-video aligncenter\"><video height=\"1180\" style=\"aspect-ratio: 1080 \/ 1180;\" width=\"1080\" controls=\"\" src=\"https:\/\/tean.ch\/wp-content\/uploads\/2022\/04\/film-TEAN-langues.mov\"><\/video><figcaption class=\"wp-element-caption\">the different langues<\/figcaption><\/figure>\n\n<\/div><\/div><\/div>\n<\/div>\n\n<div class=\"gb-grid-wrapper gb-grid-wrapper-840f0b29\">\n<div class=\"gb-grid-column gb-grid-column-3ee1535a\"><div class=\"gb-container gb-container-3ee1535a\"><div class=\"gb-inside-container\">\n<div class=\"gb-button-wrapper gb-button-wrapper-9d6d1a5a\">\n\n<a class=\"gb-button gb-button-c4f0d097 gb-button-text\" href=\"https:\/\/play.google.com\/store\/apps\/details?id=com.nectoria.teanapp\">download the TEAN app for smartwatches here<\/a>\n\n<\/div>\n<\/div><\/div><\/div>\n<\/div>\n<\/div><\/div><div class=\"gb-container gb-container-da48d90b\"><div class=\"gb-inside-container\">\n<div class=\"gb-grid-wrapper gb-grid-wrapper-fc495083\">\n<div class=\"gb-grid-column gb-grid-column-f8f190a2\"><div class=\"gb-container gb-container-f8f190a2\"><div class=\"gb-inside-container\">\n\n<h3 class=\"gb-headline gb-headline-c40d536d\"><span class=\"gb-headline-text\">Functions<\/span><\/h3>\n\n\n\n<p>Discover the different functions of the application<\/p>\n\n\n\n<p class=\"gb-headline gb-headline-0ae3633d\"><span class=\"gb-headline-text\">Move from one level to another and progress towards reading the time on increasingly abstract analog dials.<\/span><\/p>\n\n\n\n<p class=\"gb-headline gb-headline-a4cbbf48\"><span class=\"gb-icon\"><svg aria-hidden=\"true\" height=\"1em\" width=\"1em\" viewBox=\"0 0 512 512\" xmlns=\"http:\/\/www.w3.org\/2000\/svg\"><path fill=\"currentColor\" d=\"M256 8C119.033 8 8 119.033 8 256s111.033 248 248 248 248-111.033 248-248S392.967 8 256 8zm0 48c110.532 0 200 89.451 200 200 0 110.532-89.451 200-200 200-110.532 0-200-89.451-200-200 0-110.532 89.451-200 200-200m140.204 130.267l-22.536-22.718c-4.667-4.705-12.265-4.736-16.97-.068L215.346 303.697l-59.792-60.277c-4.667-4.705-12.265-4.736-16.97-.069l-22.719 22.536c-4.705 4.667-4.736 12.265-.068 16.971l90.781 91.516c4.667 4.705 12.265 4.736 16.97.068l172.589-171.204c4.704-4.668 4.734-12.266.067-16.971z\"><\/path><\/svg><\/span><span class=\"gb-headline-text\">Learn to tell the time in 13 different languages<\/span><\/p>\n\n\n\n<p class=\"gb-headline gb-headline-eeed878c\"><span class=\"gb-headline-text\">Read the time on a dial displaying Roman numerals<\/span><\/p>\n\n\n\n<p class=\"gb-headline gb-headline-1741d774\"><span class=\"gb-headline-text\">A &#8220;training&#8221; button allows training to read the time (random display) on any dial and in any language<\/span><\/p>\n\n<\/div><\/div><\/div>\n\n<div class=\"gb-grid-column gb-grid-column-eb42ddb4\"><div class=\"gb-container gb-container-eb42ddb4\"><div class=\"gb-inside-container\">\n\n<h3 class=\"gb-headline gb-headline-918c740e\"><span class=\"gb-headline-text\">How to start<\/span><\/h3>\n\n\n\n<p class=\"has-medium-font-size\">Download the TEAN app on <strong>android phone or WearOS smartwatch<\/strong> like Samsung Galaxy Watch, Google Pixel Watch, Montblanc, Fossil &#8230; <\/p>\n\n\n\n<p class=\"gb-headline gb-headline-4ef62ab1\"><span class=\"gb-headline-text\">From google play install TEAN app on android mobile phone<\/span><\/p>\n\n\n\n<p class=\"gb-headline gb-headline-ce6fc0e1\"><span class=\"gb-headline-text\">Install the TEAN app on a smartwatch (Wear OS)<\/span><\/p>\n\n\n\n<p class=\"gb-headline gb-headline-ceadd457\"><span class=\"gb-headline-text\">Request access to the TEAN analog dial on PC, Mac, Tablet etc.<\/span><\/p>\n\n<\/div><\/div><\/div>\n<\/div>\n\n<div class=\"gb-container gb-container-94a2a669\"><div class=\"gb-inside-container\">\n\n<p class=\"gb-headline gb-headline-2954b8c8\"><span class=\"gb-icon\"><svg xmlns=\"http:\/\/www.w3.org\/2000\/svg\" viewBox=\"0 0 36.7 3\"><path d=\"M0 0h36.7v3H0z\"><\/path><\/svg><\/span><span class=\"gb-headline-text\">TRY IT FOR FREE!<\/span><\/p>\r\n\n\n<div class=\"gb-grid-wrapper gb-grid-wrapper-1fde8e30\">\n<div class=\"gb-grid-column gb-grid-column-9b797ea5\"><div class=\"gb-container gb-container-9b797ea5 drop-shadow\"><div class=\"gb-inside-container\">\n\n<h4 class=\"gb-headline gb-headline-29ebf29b gb-headline-text\">Android mobile phone<\/h4>\n\n\n\n<p class=\"gb-headline gb-headline-1ca48a45 gb-headline-text\"><\/p>\r\n\n\n\n<p class=\"gb-headline gb-headline-74c08f35 gb-headline-text\">Download for free from Google play store<\/p>\n\n\n\n<p class=\"gb-headline gb-headline-39b7b8c6 gb-headline-text\">All languages for free<\/p>\r\n\n\n\n<p class=\"gb-headline gb-headline-a2be900b gb-headline-text\">free DEMO version<\/p>\r\n\n\n<div class=\"gb-button-wrapper gb-button-wrapper-bd92ae43\">\n\n<a class=\"gb-button gb-button-5ddbc6b7 gb-button-text\" href=\"https:\/\/play.google.com\/store\/apps\/details?id=com.nectoria.teanappmobile\">download on google play store<\/a>\n\n<\/div>\n<\/div><\/div><\/div>\n\n<div class=\"gb-grid-column gb-grid-column-bed1d08b\"><div class=\"gb-container gb-container-bed1d08b drop-shadow\"><div class=\"gb-inside-container\">\n\n<h4 class=\"gb-headline gb-headline-8a398c65 gb-headline-text\">for WearOS smartwatch<\/h4>\n\n\n\n<p class=\"gb-headline gb-headline-ca0b0b1a gb-headline-text\"><\/p>\r\n\n\n\n<p class=\"gb-headline gb-headline-5a8af5b0 gb-headline-text\">Download for free from Google play store<\/p>\n\n\n\n<p class=\"gb-headline gb-headline-1d6a81e9 gb-headline-text\">Try out all languages for free<\/p>\r\n\n\n\n<p class=\"gb-headline gb-headline-c14d4976 gb-headline-text\">free DEMO version<\/p>\r\n\n\n\n<p class=\"gb-headline gb-headline-c5a02bf1 gb-headline-text\">compatible smartwatches : <a href=\"http:\/\/wearos.google.com\">http:\/\/wearos.google.com<\/a><\/p>\n\n\n<div class=\"gb-button-wrapper gb-button-wrapper-5e1d568a\">\n\n<a class=\"gb-button gb-button-0072a9d0 gb-button-text\" href=\"https:\/\/play.google.com\/store\/apps\/details?id=com.nectoria.teanapp\">download on google play store<\/a>\n\n<\/div>\n<\/div><\/div><\/div>\n\n<div class=\"gb-grid-column gb-grid-column-45078b5f\"><div class=\"gb-container gb-container-45078b5f drop-shadow\"><div class=\"gb-inside-container\">\n\n<h4 class=\"gb-headline gb-headline-3a7dee68 gb-headline-text\"><a href=\"https:\/\/tean.ch\/en\/for-parents-teachers\/#ecole\">Webclock (internet version for teachers)<\/a><\/h4>\n\n\n\n<p class=\"gb-headline gb-headline-9da72d2e gb-headline-text\">Register for free<\/p>\n\n\n\n<p class=\"gb-headline gb-headline-98bd4322 gb-headline-text\">for PC, Mac, Tablet&#8230;<\/p>\n\n\n\n<p class=\"gb-headline gb-headline-f61bcf05 gb-headline-text\">To register :<\/p>\n\n\n<div class=\"gb-button-wrapper gb-button-wrapper-4fb1e123\">\n\n<a class=\"gb-button gb-button-1f303b99 gb-button-text\" href=\"https:\/\/webclock.tean.ch\">Webclock<\/a>\n\n<\/div>\n<\/div><\/div><\/div>\n<\/div>\n<\/div><\/div>\n<\/div><div class=\"gb-shapes\"><div class=\"gb-shape gb-shape-1\"><svg xmlns=\"http:\/\/www.w3.org\/2000\/svg\" viewBox=\"0 0 1200 100\" preserveAspectRatio=\"none\"><path d=\"M1200 100H0V0l400 77.2L1200 0z\"\/><\/svg><\/div><\/div><\/div>","protected":false},"excerpt":{"rendered":"<p>TRY IT FOR FREE!<\/p>\n","protected":false},"author":1,"featured_media":0,"parent":0,"menu_order":0,"comment_status":"closed","ping_status":"closed","template":"","meta":{"footnotes":""},"class_list":["post-3284","page","type-page","status-publish"],"yoast_head":"<!-- This site is optimized with the Yoast SEO plugin v27.6 - https:\/\/yoast.com\/product\/yoast-seo-wordpress\/ -->\n<title>Products - TEAN<\/title>\n<meta name=\"description\" content=\"A mobile phone app to read hours on analog dial and to read the time expression as it is really used by the people in English, German, French, Korean, Spanish and other languages. Learn all the hours with our 24-h analog dial\" \/>\n<meta name=\"robots\" content=\"index, follow, max-snippet:-1, max-image-preview:large, max-video-preview:-1\" \/>\n<link rel=\"canonical\" href=\"https:\/\/tean.ch\/en\/products\/\" \/>\n<meta property=\"og:locale\" content=\"en_US\" \/>\n<meta property=\"og:type\" content=\"article\" \/>\n<meta property=\"og:title\" content=\"Products - TEAN\" \/>\n<meta property=\"og:description\" content=\"A mobile phone app to read hours on analog dial and to read the time expression as it is really used by the people in English, German, French, Korean, Spanish and other languages. Learn all the hours with our 24-h analog dial\" \/>\n<meta property=\"og:url\" content=\"https:\/\/tean.ch\/en\/products\/\" \/>\n<meta property=\"og:site_name\" content=\"TEAN\" \/>\n<meta property=\"article:modified_time\" content=\"2023-11-06T13:43:52+00:00\" \/>\n<meta property=\"og:image\" content=\"https:\/\/tean.ch\/wp-content\/uploads\/2022\/07\/GooglePlay.png\" \/>\n<meta name=\"twitter:card\" content=\"summary_large_image\" \/>\n<meta name=\"twitter:label1\" content=\"Est. reading time\" \/>\n\t<meta name=\"twitter:data1\" content=\"3 minutes\" \/>\n<script type=\"application\/ld+json\" class=\"yoast-schema-graph\">{\"@context\":\"https:\\\/\\\/schema.org\",\"@graph\":[{\"@type\":\"WebPage\",\"@id\":\"https:\\\/\\\/tean.ch\\\/en\\\/products\\\/\",\"url\":\"https:\\\/\\\/tean.ch\\\/en\\\/products\\\/\",\"name\":\"Products - TEAN\",\"isPartOf\":{\"@id\":\"https:\\\/\\\/tean.ch\\\/en\\\/#website\"},\"primaryImageOfPage\":{\"@id\":\"https:\\\/\\\/tean.ch\\\/en\\\/products\\\/#primaryimage\"},\"image\":{\"@id\":\"https:\\\/\\\/tean.ch\\\/en\\\/products\\\/#primaryimage\"},\"thumbnailUrl\":\"https:\\\/\\\/tean.ch\\\/wp-content\\\/uploads\\\/2022\\\/07\\\/GooglePlay.png\",\"datePublished\":\"2021-01-09T11:49:15+00:00\",\"dateModified\":\"2023-11-06T13:43:52+00:00\",\"description\":\"A mobile phone app to read hours on analog dial and to read the time expression as it is really used by the people in English, German, French, Korean, Spanish and other languages. Learn all the hours with our 24-h analog dial\",\"breadcrumb\":{\"@id\":\"https:\\\/\\\/tean.ch\\\/en\\\/products\\\/#breadcrumb\"},\"inLanguage\":\"en-US\",\"potentialAction\":[{\"@type\":\"ReadAction\",\"target\":[\"https:\\\/\\\/tean.ch\\\/en\\\/products\\\/\"]}]},{\"@type\":\"ImageObject\",\"inLanguage\":\"en-US\",\"@id\":\"https:\\\/\\\/tean.ch\\\/en\\\/products\\\/#primaryimage\",\"url\":\"https:\\\/\\\/tean.ch\\\/wp-content\\\/uploads\\\/2022\\\/07\\\/GooglePlay.png\",\"contentUrl\":\"https:\\\/\\\/tean.ch\\\/wp-content\\\/uploads\\\/2022\\\/07\\\/GooglePlay.png\"},{\"@type\":\"BreadcrumbList\",\"@id\":\"https:\\\/\\\/tean.ch\\\/en\\\/products\\\/#breadcrumb\",\"itemListElement\":[{\"@type\":\"ListItem\",\"position\":1,\"name\":\"Accueil\",\"item\":\"https:\\\/\\\/tean.ch\\\/en\\\/\"},{\"@type\":\"ListItem\",\"position\":2,\"name\":\"Products\"}]},{\"@type\":\"WebSite\",\"@id\":\"https:\\\/\\\/tean.ch\\\/en\\\/#website\",\"url\":\"https:\\\/\\\/tean.ch\\\/en\\\/\",\"name\":\"TEAN\",\"description\":\"Un site utilisant WordPress\",\"publisher\":{\"@id\":\"https:\\\/\\\/tean.ch\\\/en\\\/#organization\"},\"potentialAction\":[{\"@type\":\"SearchAction\",\"target\":{\"@type\":\"EntryPoint\",\"urlTemplate\":\"https:\\\/\\\/tean.ch\\\/en\\\/?s={search_term_string}\"},\"query-input\":{\"@type\":\"PropertyValueSpecification\",\"valueRequired\":true,\"valueName\":\"search_term_string\"}}],\"inLanguage\":\"en-US\"},{\"@type\":\"Organization\",\"@id\":\"https:\\\/\\\/tean.ch\\\/en\\\/#organization\",\"name\":\"TEAN\",\"url\":\"https:\\\/\\\/tean.ch\\\/en\\\/\",\"logo\":{\"@type\":\"ImageObject\",\"inLanguage\":\"en-US\",\"@id\":\"https:\\\/\\\/tean.ch\\\/en\\\/#\\\/schema\\\/logo\\\/image\\\/\",\"url\":\"https:\\\/\\\/tean.ch\\\/wp-content\\\/uploads\\\/2022\\\/03\\\/cropped-cropped-Copie-de-LogoTEAN-Black-860x430-1.png\",\"contentUrl\":\"https:\\\/\\\/tean.ch\\\/wp-content\\\/uploads\\\/2022\\\/03\\\/cropped-cropped-Copie-de-LogoTEAN-Black-860x430-1.png\",\"width\":860,\"height\":429,\"caption\":\"TEAN\"},\"image\":{\"@id\":\"https:\\\/\\\/tean.ch\\\/en\\\/#\\\/schema\\\/logo\\\/image\\\/\"}}]}<\/script>\n<!-- \/ Yoast SEO plugin. -->","yoast_head_json":{"title":"Products - TEAN","description":"A mobile phone app to read hours on analog dial and to read the time expression as it is really used by the people in English, German, French, Korean, Spanish and other languages. Learn all the hours with our 24-h analog dial","robots":{"index":"index","follow":"follow","max-snippet":"max-snippet:-1","max-image-preview":"max-image-preview:large","max-video-preview":"max-video-preview:-1"},"canonical":"https:\/\/tean.ch\/en\/products\/","og_locale":"en_US","og_type":"article","og_title":"Products - TEAN","og_description":"A mobile phone app to read hours on analog dial and to read the time expression as it is really used by the people in English, German, French, Korean, Spanish and other languages. Learn all the hours with our 24-h analog dial","og_url":"https:\/\/tean.ch\/en\/products\/","og_site_name":"TEAN","article_modified_time":"2023-11-06T13:43:52+00:00","og_image":[{"url":"https:\/\/tean.ch\/wp-content\/uploads\/2022\/07\/GooglePlay.png","type":"","width":"","height":""}],"twitter_card":"summary_large_image","twitter_misc":{"Est. reading time":"3 minutes"},"schema":{"@context":"https:\/\/schema.org","@graph":[{"@type":"WebPage","@id":"https:\/\/tean.ch\/en\/products\/","url":"https:\/\/tean.ch\/en\/products\/","name":"Products - TEAN","isPartOf":{"@id":"https:\/\/tean.ch\/en\/#website"},"primaryImageOfPage":{"@id":"https:\/\/tean.ch\/en\/products\/#primaryimage"},"image":{"@id":"https:\/\/tean.ch\/en\/products\/#primaryimage"},"thumbnailUrl":"https:\/\/tean.ch\/wp-content\/uploads\/2022\/07\/GooglePlay.png","datePublished":"2021-01-09T11:49:15+00:00","dateModified":"2023-11-06T13:43:52+00:00","description":"A mobile phone app to read hours on analog dial and to read the time expression as it is really used by the people in English, German, French, Korean, Spanish and other languages. Learn all the hours with our 24-h analog dial","breadcrumb":{"@id":"https:\/\/tean.ch\/en\/products\/#breadcrumb"},"inLanguage":"en-US","potentialAction":[{"@type":"ReadAction","target":["https:\/\/tean.ch\/en\/products\/"]}]},{"@type":"ImageObject","inLanguage":"en-US","@id":"https:\/\/tean.ch\/en\/products\/#primaryimage","url":"https:\/\/tean.ch\/wp-content\/uploads\/2022\/07\/GooglePlay.png","contentUrl":"https:\/\/tean.ch\/wp-content\/uploads\/2022\/07\/GooglePlay.png"},{"@type":"BreadcrumbList","@id":"https:\/\/tean.ch\/en\/products\/#breadcrumb","itemListElement":[{"@type":"ListItem","position":1,"name":"Accueil","item":"https:\/\/tean.ch\/en\/"},{"@type":"ListItem","position":2,"name":"Products"}]},{"@type":"WebSite","@id":"https:\/\/tean.ch\/en\/#website","url":"https:\/\/tean.ch\/en\/","name":"TEAN","description":"Un site utilisant WordPress","publisher":{"@id":"https:\/\/tean.ch\/en\/#organization"},"potentialAction":[{"@type":"SearchAction","target":{"@type":"EntryPoint","urlTemplate":"https:\/\/tean.ch\/en\/?s={search_term_string}"},"query-input":{"@type":"PropertyValueSpecification","valueRequired":true,"valueName":"search_term_string"}}],"inLanguage":"en-US"},{"@type":"Organization","@id":"https:\/\/tean.ch\/en\/#organization","name":"TEAN","url":"https:\/\/tean.ch\/en\/","logo":{"@type":"ImageObject","inLanguage":"en-US","@id":"https:\/\/tean.ch\/en\/#\/schema\/logo\/image\/","url":"https:\/\/tean.ch\/wp-content\/uploads\/2022\/03\/cropped-cropped-Copie-de-LogoTEAN-Black-860x430-1.png","contentUrl":"https:\/\/tean.ch\/wp-content\/uploads\/2022\/03\/cropped-cropped-Copie-de-LogoTEAN-Black-860x430-1.png","width":860,"height":429,"caption":"TEAN"},"image":{"@id":"https:\/\/tean.ch\/en\/#\/schema\/logo\/image\/"}}]}},"_links":{"self":[{"href":"https:\/\/tean.ch\/en\/wp-json\/wp\/v2\/pages\/3284","targetHints":{"allow":["GET"]}}],"collection":[{"href":"https:\/\/tean.ch\/en\/wp-json\/wp\/v2\/pages"}],"about":[{"href":"https:\/\/tean.ch\/en\/wp-json\/wp\/v2\/types\/page"}],"author":[{"embeddable":true,"href":"https:\/\/tean.ch\/en\/wp-json\/wp\/v2\/users\/1"}],"replies":[{"embeddable":true,"href":"https:\/\/tean.ch\/en\/wp-json\/wp\/v2\/comments?post=3284"}],"version-history":[{"count":44,"href":"https:\/\/tean.ch\/en\/wp-json\/wp\/v2\/pages\/3284\/revisions"}],"predecessor-version":[{"id":4760,"href":"https:\/\/tean.ch\/en\/wp-json\/wp\/v2\/pages\/3284\/revisions\/4760"}],"wp:attachment":[{"href":"https:\/\/tean.ch\/en\/wp-json\/wp\/v2\/media?parent=3284"}],"curies":[{"name":"wp","href":"https:\/\/api.w.org\/{rel}","templated":true}]}}