{"id":4849,"date":"2024-09-22T18:02:41","date_gmt":"2024-09-22T16:02:41","guid":{"rendered":"https:\/\/tean.ch\/die-app-im-detail\/"},"modified":"2024-11-30T16:18:09","modified_gmt":"2024-11-30T15:18:09","slug":"die-app-im-detail","status":"publish","type":"page","link":"https:\/\/tean.ch\/de\/die-app-im-detail\/","title":{"rendered":"Die App im Detail"},"content":{"rendered":"\n<p>Mit der App \u201eTEAN \u2013 Lies\u2019 die Uhr\u201c kann jeder in seinem eigenen Tempo und auf seinem individuellen Weg lernen, wie man die Zeit auf einer analogen Uhr abliest.<\/p>\n\n\n\n<p>Das innovative didaktische Konzept erm\u00f6glicht es sowohl in Begleitung als auch alleine zu lernen<\/p>\n\n\n\n<p>Die App enth\u00e4lt drei Quiz mit unterschiedlichen Lernzielen:<\/p>\n\n\n\n<ul class=\"wp-block-list\">\n<li>Lerne die Uhrzeit zu lesen<\/li>\n\n\n\n<li>Lerne die Zeit auszudr\u00fccken<\/li>\n\n\n\n<li>Lerne die 24 Stunden des Tages<\/li>\n<\/ul>\n\n\n\n<p>Das Lernkonzept ist in Stufen gegliedert und basiert auf der Variation von drei Parametern:<\/p>\n\n\n\n<ul class=\"wp-block-list\">\n<li>die Darstellung des Zifferblattes mit oder ohne Zahlen<\/li>\n\n\n\n<li>der Schwierigkeitsgrad: volle Stunden, halbe Stunden, viertel Stunden usw.<\/li>\n\n\n\n<li>die Antwortzeit<\/li>\n<\/ul>\n\n\n\n<h2 class=\"wp-block-heading\">Wie arbeitest Du mit dieser App?<\/h2>\n\n\n\n<h3 class=\"wp-block-heading\">Schritt 1: Lies\u2019 die Uhrzeit ab<\/h3>\n\n\n\n<p>Das erste, was Du lernen musst, ist aus der Position der beiden Zeiger des analogen Zifferblatts auf die Stunde und Minute zu schlie\u00dfen. Daf\u00fcr w\u00e4hlst Du das Digital-Quiz<\/p>\n\n\n\n<figure class=\"wp-block-image size-large is-resized\"><img loading=\"lazy\" decoding=\"async\" width=\"1024\" height=\"446\" src=\"https:\/\/tean.ch\/wp-content\/uploads\/2024\/11\/image-16-1024x446.png\" alt=\"\" class=\"wp-image-5064\" style=\"aspect-ratio:2.295714285714286;width:1140px;height:auto\" srcset=\"https:\/\/tean.ch\/wp-content\/uploads\/2024\/11\/image-16-1024x446.png 1024w, https:\/\/tean.ch\/wp-content\/uploads\/2024\/11\/image-16-300x131.png 300w, https:\/\/tean.ch\/wp-content\/uploads\/2024\/11\/image-16-768x335.png 768w, https:\/\/tean.ch\/wp-content\/uploads\/2024\/11\/image-16-1536x669.png 1536w, https:\/\/tean.ch\/wp-content\/uploads\/2024\/11\/image-16.png 1607w\" sizes=\"auto, (max-width: 1024px) 100vw, 1024px\" \/><\/figure>\n\n\n\n<p>Um das Quiz zu machen, w\u00e4hlt der Benutzer zuerst sein Zifferblatt (#1..#9) mit den Pfeilen oben aus und dann sein Stufe, indem er die Pfeile unter der Uhr dr\u00fcckt.<\/p>\n\n\n\n<p>Dieses Quiz ist in 20 Stufen unterteilt, die 5 Gruppen von sehr einfach bis sehr schwierig bilden.<\/p>\n\n\n\n<h3 class=\"wp-block-heading\">Die Stufen erklimmen<\/h3>\n\n\n\n<p>Die erste Gruppe (Stufen 1-4) verwendet nur volle Stunden, die zweite Gruppe (Stufen 5-8) f\u00fcgt halbe Stunden hinzu, die dritte Gruppe (Stufen 9-12) Viertelstunden und in der vierten Gruppe (Stufen 13-16) arbeiten wir mit 5-Minuten-Intervallen. Dann gibt es noch die \u201esuperschnelle\u201c Gruppe (Stufe 17\u201320), die von ganzen Stunden bis zu 5-Minuten Intervallen geht, allerdings mit einer sehr kurzen Reaktionszeit. Innerhalb jeder der ersten vier Gruppen wird dem Benutzer die gleiche Art von Frage gestellt, die zur Beantwortung zur Verf\u00fcgung stehende Zeit wird jedoch immer k\u00fcrzer.<\/p>\n\n\n\n<figure class=\"wp-block-image size-full is-resized\"><img loading=\"lazy\" decoding=\"async\" width=\"812\" height=\"596\" src=\"https:\/\/tean.ch\/wp-content\/uploads\/2024\/11\/image-17.png\" alt=\"\" class=\"wp-image-5067\" style=\"aspect-ratio:1.3624161073825503;width:1140px;height:auto\" srcset=\"https:\/\/tean.ch\/wp-content\/uploads\/2024\/11\/image-17.png 812w, https:\/\/tean.ch\/wp-content\/uploads\/2024\/11\/image-17-300x220.png 300w, https:\/\/tean.ch\/wp-content\/uploads\/2024\/11\/image-17-768x564.png 768w\" sizes=\"auto, (max-width: 812px) 100vw, 812px\" \/><\/figure>\n\n\n\n<p>F\u00fcr die erste Ebene jeder Gruppe (1,5,9,13) ist die Reaktionszeit nicht begrenzt. F\u00fcr die zweite sind es 7 Sekunden, f\u00fcr die dritte 5 und dann 3 Sekunden. Superschnelle Stufen (17\u201320) erfordern eine Reaktion in weniger als 2 Sekunden.<\/p>\n\n\n\n<h4 class=\"wp-block-heading\">Stufen 1-4: ANF\u00c4NGER<\/h4>\n\n\n\n<p>Wir arbeiten hier mit vollen Stunden. Ziel ist es, die Position des roten Zeigers zu lokalisieren, der die Stunden anzeigt. Der blaue Minutenzeiger steht immer auf der 12. Es empfiehlt sich (wie auch bei den anderen Gruppen), mit Zifferblatt Nr. 1 zu beginnen, das die Stunden und Minuten durch Zahlen anzeigt. Mit ein wenig \u00dcbung kannst Du Schritt f\u00fcr Schritt zu abstrakten Zifferbl\u00e4ttern \u00fcbergehen, bei denen nur die Stunden angezeigt werden (#2), dann nur die Punkte (#4) und schlie\u00dflich nur noch die Zeiger (#6). Ein Zifferblatt mit r\u00f6mischen (#7) und arabischen (8) Ziffern erm\u00f6glicht es Dir, Dich auch mit anderen Zifferblatt Darstellungen vertraut zu machen<\/p>\n\n\n\n<h4 class=\"wp-block-heading\">Stufen 5-8: MITTELSTARK<\/h4>\n\n\n\n<p>Jetzt kommen die auch noch die halben Stunden dran. Ziel ist es zu lernen, dass bei halben Stunden der rote Zeiger immer in der Mitte zwischen zwei Zahlen steht, von denen die kleinere f\u00fcr die Stunde gilt und dass der blaue Zeiger unten auf der 6 steht und die 30 Minuten anzeigt. Auch in diesem Modus wiederholen sich von Zeit zu Zeit die vollen Stunden, um die Verbindung herzustellen.<\/p>\n\n\n\n<h4 class=\"wp-block-heading\">Stufen 9-12: FORTGESCHRITTEN<\/h4>\n\n\n\n<p>Wir f\u00fcgen nun auch noch die Viertelstunden hinzu. Das Ziel besteht darin, zu erkennen, dass der rote Zeiger wie zuvor immer noch zwischen zwei roten Zahlen steht, der blaue Zeiger jedoch entweder auf der 3 stehen kann, um 15 Minuten anzuzeigen, oder auf der 9, um 45 Minuten anzuzeigen. In diesem Modus wiederholen wir auch von Zeit zu Zeit die halben Stunden, um die Verbindung herzustellen.<\/p>\n\n\n\n<h4 class=\"wp-block-heading\">Stufen 13-16: EXPERTE<\/h4>\n\n\n\n<p>Der \u00dcbergang zum Expertenniveau ist oft etwas schwierig, da zu den vier vorherigen Positionen acht neue Positionen f\u00fcr die blaue Nadel hinzukommen. Da musst Du Dir vielleicht etwas Zeit nehmen, um loszulegen.<\/p>\n\n\n\n<h4 class=\"wp-block-heading\">Stufen 17\u201320: SUPER-SCHNELL<\/h4>\n\n\n\n<p>Diese Level sind superschnelle Level. Ihr Lernen ist nicht unbedingt erforderlich, sie k\u00f6nnen vielmehr eine unterhaltsame Herausforderung f\u00fcr Sch\u00fcler darstellen, die bereits sehr fortgeschritten sind.<\/p>\n\n\n\n<p>Auf der Quiz-Startseite kann der Benutzer jeweils nachlesen, welcher Schwierigkeitsgrad und welche Geschwindigkeit mit dieser Stufe verbunden sind. Klicke dann auf \u201eQuiz starten\u201c und das Quiz beginnt.<\/p>\n\n\n\n<p>Nun muss er 10 Fragen beantworten. F\u00fcr jede Frage zeigt die App eine zuf\u00e4llige Zeit auf dem analogen Zifferblatt an und der Benutzer muss auf die Digitaluhr darunter tippen, die dieselbe Zeit anzeigt.<\/p>\n\n\n\n<figure class=\"wp-block-image size-large is-resized\"><img loading=\"lazy\" decoding=\"async\" width=\"1024\" height=\"449\" src=\"https:\/\/tean.ch\/wp-content\/uploads\/2024\/11\/image-18-1024x449.png\" alt=\"\" class=\"wp-image-5071\" style=\"aspect-ratio:2.2806236080178173;width:1140px;height:auto\" srcset=\"https:\/\/tean.ch\/wp-content\/uploads\/2024\/11\/image-18-1024x449.png 1024w, https:\/\/tean.ch\/wp-content\/uploads\/2024\/11\/image-18-300x132.png 300w, https:\/\/tean.ch\/wp-content\/uploads\/2024\/11\/image-18-768x337.png 768w, https:\/\/tean.ch\/wp-content\/uploads\/2024\/11\/image-18-1536x674.png 1536w, https:\/\/tean.ch\/wp-content\/uploads\/2024\/11\/image-18.png 1540w\" sizes=\"auto, (max-width: 1024px) 100vw, 1024px\" \/><\/figure>\n\n\n\n<p>Ein Ton best\u00e4tigt, wenn Du die richtige Antwort gegeben hast, und oben erscheint ein gr\u00fcnes K\u00e4stchen. Wenn die Antwort falsch ist (oder nicht innerhalb der verf\u00fcgbaren Zeit gegeben wurde), ist der Ton anders, die Antwort(en) wird(n) in Rot und die richtige(n) in Gr\u00fcn angezeigt. Oben erscheint ein rotes K\u00e4stchen. Das Ziel besteht darin, alle Fragen richtig zu beantworten (alle gr\u00fcnen K\u00e4stchen), bevor Du zur n\u00e4chsten Stufe aufsteigst. Aber die App erzwingt dies nicht, Du kannst die Stufen frei w\u00e4hlen.<\/p>\n\n\n\n<p>Sobald die Stufe gemeistert wurde (10 richtige Antworten), erscheint rechts ein gr\u00fcnes H\u00e4kchen. <\/p>\n\n\n\n<p>Durch Dr\u00fccken der Schaltfl\u00e4che \u201eStufe\u201c siehst Du alle Stufen im \u00dcberblick, wobei die bereits bestandenen Stufen durch einen gr\u00fcnen Punkt markiert sind. Dadurch werden Fortschritte beispielsweise f\u00fcr einen Begleiter sichtbar.<\/p>\n\n\n\n<figure class=\"wp-block-image size-large is-resized\"><img loading=\"lazy\" decoding=\"async\" width=\"1024\" height=\"549\" src=\"https:\/\/tean.ch\/wp-content\/uploads\/2024\/11\/image-19-1024x549.png\" alt=\"\" class=\"wp-image-5075\" style=\"aspect-ratio:1.8652094717668488;width:1140px;height:auto\" srcset=\"https:\/\/tean.ch\/wp-content\/uploads\/2024\/11\/image-19-1024x549.png 1024w, https:\/\/tean.ch\/wp-content\/uploads\/2024\/11\/image-19-300x161.png 300w, https:\/\/tean.ch\/wp-content\/uploads\/2024\/11\/image-19-768x411.png 768w, https:\/\/tean.ch\/wp-content\/uploads\/2024\/11\/image-19.png 1303w\" sizes=\"auto, (max-width: 1024px) 100vw, 1024px\" \/><\/figure>\n\n\n\n<h3 class=\"wp-block-heading\">Schritt 2: Sage die Zeit an<\/h3>\n\n\n\n<p>Sobald Du gelernt hast, die Uhrzeit auf dem analogen Zifferblatt zu finden, ist es an der Zeit, zu lernen, wie man sie ausdr\u00fcckt, d. h. die Frage \u201eK\u00f6nnen Sie mir sagen, wie sp\u00e4t es ist?\u201c richtig zu beantworten.<\/p>\n\n\n\n<p>Am einfachsten ist es nat\u00fcrlich, die Zahlen von der Digitaluhr anzusagen und zum Beispiel zu antworten: \u201eEs ist 3:55.\u201c Einerseits ist das aber nicht sehr elegant und andererseits nicht sehr praktisch. Denn die Zeit liegt eigentlich eher bei 4 Uhr als bei 3 Uhr. Warum also die Aufgabe verkomplizieren? Ist es nicht intuitiver, einfach zu sagen: \u201eEs ist 5 vor 4?\u201c Stell\u2019 Dir vor, Du f\u00e4hrst mit dem Auto von Lausanne nach Genf. Wenn man Dich kurz vor der Ankunft in Genf fragt, wo Du gerade bist, antwortest Du ja auch nicht: \u201eIch bin 50 km hinter Lausanne\u201c, sondern\u201dIch bin 5 km vor Genf\u201d \u2026 oder? Das Gleiche gilt f\u00fcr die Ausdr\u00fccke \u201cViertel nach\u201c, \u201eZwanzig vor&#8220; usw.<\/p>\n\n\n\n<p>Diese Zeitausdr\u00fccke entwickelten sich einfach mit gesundem Menschenverstand und ihr Erlernen ist auch heute noch Teil der Schulbildung in der Schweiz und anderen L\u00e4ndern.<\/p>\n\n\n\n<p>Mit der TEAN-App kannst Du diese Ausdr\u00fccke Schritt f\u00fcr Schritt lernen. Die Ebenen der Fragen, die Anzeige auf der Analoguhr und die Uhrzeiten sind identisch mit Schritt 1. Allerdings werden die Antworten anders dargestellt: Statt vier Digitaluhren gibt es drei Text Antworten, darunter eine richtige und zwei falsche, zuf\u00e4llig angeordnet.<\/p>\n\n\n\n<figure class=\"wp-block-image size-large is-resized\"><img loading=\"lazy\" decoding=\"async\" width=\"1024\" height=\"520\" src=\"https:\/\/tean.ch\/wp-content\/uploads\/2024\/11\/image-20-1024x520.png\" alt=\"\" class=\"wp-image-5079\" style=\"aspect-ratio:1.9692307692307693;width:1140px;height:auto\" srcset=\"https:\/\/tean.ch\/wp-content\/uploads\/2024\/11\/image-20-1024x520.png 1024w, https:\/\/tean.ch\/wp-content\/uploads\/2024\/11\/image-20-300x152.png 300w, https:\/\/tean.ch\/wp-content\/uploads\/2024\/11\/image-20-768x390.png 768w, https:\/\/tean.ch\/wp-content\/uploads\/2024\/11\/image-20.png 1377w\" sizes=\"auto, (max-width: 1024px) 100vw, 1024px\" \/><\/figure>\n\n\n\n<p>Auch die Auswertung der Antworten ist identisch mit Schritt 1: gr\u00fcne Farben und Ton f\u00fcr die richtige Antwort und rot mit einem anderen Ton f\u00fcr die falschen.<\/p>\n\n\n\n<figure class=\"wp-block-image size-large is-resized\"><img loading=\"lazy\" decoding=\"async\" width=\"1024\" height=\"443\" src=\"https:\/\/tean.ch\/wp-content\/uploads\/2024\/11\/image-21-1024x443.png\" alt=\"\" class=\"wp-image-5083\" style=\"aspect-ratio:2.311512415349887;width:1140px;height:auto\" srcset=\"https:\/\/tean.ch\/wp-content\/uploads\/2024\/11\/image-21-1024x443.png 1024w, https:\/\/tean.ch\/wp-content\/uploads\/2024\/11\/image-21-300x130.png 300w, https:\/\/tean.ch\/wp-content\/uploads\/2024\/11\/image-21-768x332.png 768w, https:\/\/tean.ch\/wp-content\/uploads\/2024\/11\/image-21-1536x664.png 1536w, https:\/\/tean.ch\/wp-content\/uploads\/2024\/11\/image-21.png 1606w\" sizes=\"auto, (max-width: 1024px) 100vw, 1024px\" \/><\/figure>\n\n\n\n<p>Auch dieses Quiz ist in 20 Stufen gegliedert und wenn Du Stufe 16 auf einem Zifferblatt ohne Zahlen 10 Mal richtig beantworten kannst, darfst Du eigentlich sicher sein, dass Du Zeitausdr\u00fccke f\u00fcr den t\u00e4glichen Gebrauch ausreichend beherrschst.<\/p>\n\n\n\n<p>Mit der TEAN-App kannst Du f\u00fcr diese \u00dcbung aus einer Vielzahl von Sprachen w\u00e4hlen. So kann der Sch\u00fcler diese App auch nutzen, um Ausdr\u00fccke in Englisch und Deutsch zu lernen, wie es der Schulstudienplan vorsieht. Zus\u00e4tzlich kann der Benutzer die Sprachausgabe-Funktion nutzen, bei der jedes Mal die richtige Zeit zus\u00e4tzlich per Audio angesagt wird.<\/p>\n\n\n\n<p>Stufe 16 ist ein weiterer Beweis daf\u00fcr, dass der Sch\u00fcler die Zeitausdr\u00fccke in der gew\u00e4hlten Sprache perfekt integriert hat.<\/p>\n\n\n\n<h3 class=\"wp-block-heading\">Schritt 3: Lerne die 24 Stunden<\/h3>\n\n\n\n<p>Die Analoguhr zeigt die zw\u00f6lf Stunden des Tages, von sechs Uhr morgens bis sechs Uhr abends, genauso an, wie die zw\u00f6lf Stunden der Nacht, von sechs Uhr abends bis sechs Uhr morgens.<\/p>\n\n\n\n<p>Die Digitaluhr hingegen macht den Unterschied, indem sie von 0 Uhr morgens bis 23 Uhr z\u00e4hlt. Um das Konzept der 24 Stunden zu erlernen, haben wir ein spezielles Zifferblatt (#9) entworfen, das neben den Zahlen f\u00fcr die zw\u00f6lf Stunden auch die entsprechenden Zahlen f\u00fcr die 24 Stunden anzeigt.<\/p>\n\n\n\n<figure class=\"wp-block-image size-large\"><img loading=\"lazy\" decoding=\"async\" width=\"1024\" height=\"421\" src=\"https:\/\/tean.ch\/wp-content\/uploads\/2024\/11\/image-22-1024x421.png\" alt=\"\" class=\"wp-image-5087\" srcset=\"https:\/\/tean.ch\/wp-content\/uploads\/2024\/11\/image-22-1024x421.png 1024w, https:\/\/tean.ch\/wp-content\/uploads\/2024\/11\/image-22-300x123.png 300w, https:\/\/tean.ch\/wp-content\/uploads\/2024\/11\/image-22-768x315.png 768w, https:\/\/tean.ch\/wp-content\/uploads\/2024\/11\/image-22-1536x631.png 1536w, https:\/\/tean.ch\/wp-content\/uploads\/2024\/11\/image-22.png 1624w\" sizes=\"auto, (max-width: 1024px) 100vw, 1024px\" \/><\/figure>\n\n\n\n<p>In Schritt 3 geht es darum, diese Entsprechung mittels eines Quiz zu erlernen. Der Aufbau des Quiz ist identisch mit den beiden anderen Schritten. Die Anzeige der Antworten, von denen die richtige ausgew\u00e4hlt werden muss, erfolgt \u00e4hnlich wie in Schritt 1. Allerdings zeigen die Antworten diesmal manchmal die digitale Zeit bis 23:55 Uhr an, statt 11:55 Uhr fr\u00fcher. Manchmal ist die richtige Antwort z.B. 8:25 und manchmal 20:25. Die beiden Antworten sind Alternativen f\u00fcr die gleiche Position der Zeiger auf dem analogen Zifferblatt. Um Verwirrung zu vermeiden, werden in den Antworten nie beide gleichzeitig angezeigt. Nach dem ersten Training mit Zifferblatt Nr. 9 kann der Sch\u00fcler schrittweise zu den abstrakten Zifferbl\u00e4ttern (Nr. 1 -&gt; Nr. 6) \u00fcbergehen, um auch \u00fcber die 24 Stunden hinweg die richtige Zeit zu ermitteln. Mit dem Erreichen von Stufe16 wird der Sch\u00fcler dann die 24 Stunden perfekt meistern k\u00f6nnen.<\/p>\n","protected":false},"excerpt":{"rendered":"<p>Mit der App \u201eTEAN \u2013 Lies\u2019 die Uhr\u201c kann jeder in seinem eigenen Tempo und auf seinem individuellen Weg lernen, wie man die Zeit auf &#8230; <a title=\"Die App im Detail\" class=\"read-more\" href=\"https:\/\/tean.ch\/de\/die-app-im-detail\/\" aria-label=\"Mehr zu Die App im Detail\">Read More<\/a><\/p>\n","protected":false},"author":3,"featured_media":0,"parent":0,"menu_order":0,"comment_status":"closed","ping_status":"closed","template":"","meta":{"footnotes":""},"class_list":["post-4849","page","type-page","status-publish"],"yoast_head":"<!-- This site is optimized with the Yoast SEO plugin v27.6 - https:\/\/yoast.com\/product\/yoast-seo-wordpress\/ -->\n<title>Die App im Detail - TEAN<\/title>\n<meta name=\"robots\" content=\"index, follow, max-snippet:-1, max-image-preview:large, max-video-preview:-1\" \/>\n<link rel=\"canonical\" href=\"https:\/\/tean.ch\/de\/die-app-im-detail\/\" \/>\n<meta property=\"og:locale\" content=\"de_DE\" \/>\n<meta property=\"og:type\" content=\"article\" \/>\n<meta property=\"og:title\" content=\"Die App im Detail - TEAN\" \/>\n<meta property=\"og:description\" content=\"Mit der App \u201eTEAN \u2013 Lies\u2019 die Uhr\u201c kann jeder in seinem eigenen Tempo und auf seinem individuellen Weg lernen, wie man die Zeit auf ... Read More\" \/>\n<meta property=\"og:url\" content=\"https:\/\/tean.ch\/de\/die-app-im-detail\/\" \/>\n<meta property=\"og:site_name\" content=\"TEAN\" \/>\n<meta property=\"article:modified_time\" content=\"2024-11-30T15:18:09+00:00\" \/>\n<meta property=\"og:image\" content=\"https:\/\/tean.ch\/wp-content\/uploads\/2024\/11\/image-16-1024x446.png\" \/>\n<meta name=\"twitter:card\" content=\"summary_large_image\" \/>\n<meta name=\"twitter:label1\" content=\"Gesch\u00e4tzte Lesezeit\" \/>\n\t<meta name=\"twitter:data1\" content=\"8\u00a0Minuten\" \/>\n<script type=\"application\/ld+json\" class=\"yoast-schema-graph\">{\"@context\":\"https:\\\/\\\/schema.org\",\"@graph\":[{\"@type\":\"WebPage\",\"@id\":\"https:\\\/\\\/tean.ch\\\/de\\\/die-app-im-detail\\\/\",\"url\":\"https:\\\/\\\/tean.ch\\\/de\\\/die-app-im-detail\\\/\",\"name\":\"Die App im Detail - TEAN\",\"isPartOf\":{\"@id\":\"https:\\\/\\\/tean.ch\\\/de\\\/#website\"},\"primaryImageOfPage\":{\"@id\":\"https:\\\/\\\/tean.ch\\\/de\\\/die-app-im-detail\\\/#primaryimage\"},\"image\":{\"@id\":\"https:\\\/\\\/tean.ch\\\/de\\\/die-app-im-detail\\\/#primaryimage\"},\"thumbnailUrl\":\"https:\\\/\\\/tean.ch\\\/wp-content\\\/uploads\\\/2024\\\/11\\\/image-16-1024x446.png\",\"datePublished\":\"2024-09-22T16:02:41+00:00\",\"dateModified\":\"2024-11-30T15:18:09+00:00\",\"breadcrumb\":{\"@id\":\"https:\\\/\\\/tean.ch\\\/de\\\/die-app-im-detail\\\/#breadcrumb\"},\"inLanguage\":\"de\",\"potentialAction\":[{\"@type\":\"ReadAction\",\"target\":[\"https:\\\/\\\/tean.ch\\\/de\\\/die-app-im-detail\\\/\"]}]},{\"@type\":\"ImageObject\",\"inLanguage\":\"de\",\"@id\":\"https:\\\/\\\/tean.ch\\\/de\\\/die-app-im-detail\\\/#primaryimage\",\"url\":\"https:\\\/\\\/tean.ch\\\/wp-content\\\/uploads\\\/2024\\\/11\\\/image-16-1024x446.png\",\"contentUrl\":\"https:\\\/\\\/tean.ch\\\/wp-content\\\/uploads\\\/2024\\\/11\\\/image-16-1024x446.png\"},{\"@type\":\"BreadcrumbList\",\"@id\":\"https:\\\/\\\/tean.ch\\\/de\\\/die-app-im-detail\\\/#breadcrumb\",\"itemListElement\":[{\"@type\":\"ListItem\",\"position\":1,\"name\":\"Accueil\",\"item\":\"https:\\\/\\\/tean.ch\\\/de\\\/\"},{\"@type\":\"ListItem\",\"position\":2,\"name\":\"Die App im Detail\"}]},{\"@type\":\"WebSite\",\"@id\":\"https:\\\/\\\/tean.ch\\\/de\\\/#website\",\"url\":\"https:\\\/\\\/tean.ch\\\/de\\\/\",\"name\":\"TEAN\",\"description\":\"Un site utilisant WordPress\",\"publisher\":{\"@id\":\"https:\\\/\\\/tean.ch\\\/de\\\/#organization\"},\"potentialAction\":[{\"@type\":\"SearchAction\",\"target\":{\"@type\":\"EntryPoint\",\"urlTemplate\":\"https:\\\/\\\/tean.ch\\\/de\\\/?s={search_term_string}\"},\"query-input\":{\"@type\":\"PropertyValueSpecification\",\"valueRequired\":true,\"valueName\":\"search_term_string\"}}],\"inLanguage\":\"de\"},{\"@type\":\"Organization\",\"@id\":\"https:\\\/\\\/tean.ch\\\/de\\\/#organization\",\"name\":\"TEAN\",\"url\":\"https:\\\/\\\/tean.ch\\\/de\\\/\",\"logo\":{\"@type\":\"ImageObject\",\"inLanguage\":\"de\",\"@id\":\"https:\\\/\\\/tean.ch\\\/de\\\/#\\\/schema\\\/logo\\\/image\\\/\",\"url\":\"https:\\\/\\\/tean.ch\\\/wp-content\\\/uploads\\\/2022\\\/03\\\/cropped-cropped-Copie-de-LogoTEAN-Black-860x430-1.png\",\"contentUrl\":\"https:\\\/\\\/tean.ch\\\/wp-content\\\/uploads\\\/2022\\\/03\\\/cropped-cropped-Copie-de-LogoTEAN-Black-860x430-1.png\",\"width\":860,\"height\":429,\"caption\":\"TEAN\"},\"image\":{\"@id\":\"https:\\\/\\\/tean.ch\\\/de\\\/#\\\/schema\\\/logo\\\/image\\\/\"}}]}<\/script>\n<!-- \/ Yoast SEO plugin. -->","yoast_head_json":{"title":"Die App im Detail - TEAN","robots":{"index":"index","follow":"follow","max-snippet":"max-snippet:-1","max-image-preview":"max-image-preview:large","max-video-preview":"max-video-preview:-1"},"canonical":"https:\/\/tean.ch\/de\/die-app-im-detail\/","og_locale":"de_DE","og_type":"article","og_title":"Die App im Detail - TEAN","og_description":"Mit der App \u201eTEAN \u2013 Lies\u2019 die Uhr\u201c kann jeder in seinem eigenen Tempo und auf seinem individuellen Weg lernen, wie man die Zeit auf ... Read More","og_url":"https:\/\/tean.ch\/de\/die-app-im-detail\/","og_site_name":"TEAN","article_modified_time":"2024-11-30T15:18:09+00:00","og_image":[{"url":"https:\/\/tean.ch\/wp-content\/uploads\/2024\/11\/image-16-1024x446.png","type":"","width":"","height":""}],"twitter_card":"summary_large_image","twitter_misc":{"Gesch\u00e4tzte Lesezeit":"8\u00a0Minuten"},"schema":{"@context":"https:\/\/schema.org","@graph":[{"@type":"WebPage","@id":"https:\/\/tean.ch\/de\/die-app-im-detail\/","url":"https:\/\/tean.ch\/de\/die-app-im-detail\/","name":"Die App im Detail - TEAN","isPartOf":{"@id":"https:\/\/tean.ch\/de\/#website"},"primaryImageOfPage":{"@id":"https:\/\/tean.ch\/de\/die-app-im-detail\/#primaryimage"},"image":{"@id":"https:\/\/tean.ch\/de\/die-app-im-detail\/#primaryimage"},"thumbnailUrl":"https:\/\/tean.ch\/wp-content\/uploads\/2024\/11\/image-16-1024x446.png","datePublished":"2024-09-22T16:02:41+00:00","dateModified":"2024-11-30T15:18:09+00:00","breadcrumb":{"@id":"https:\/\/tean.ch\/de\/die-app-im-detail\/#breadcrumb"},"inLanguage":"de","potentialAction":[{"@type":"ReadAction","target":["https:\/\/tean.ch\/de\/die-app-im-detail\/"]}]},{"@type":"ImageObject","inLanguage":"de","@id":"https:\/\/tean.ch\/de\/die-app-im-detail\/#primaryimage","url":"https:\/\/tean.ch\/wp-content\/uploads\/2024\/11\/image-16-1024x446.png","contentUrl":"https:\/\/tean.ch\/wp-content\/uploads\/2024\/11\/image-16-1024x446.png"},{"@type":"BreadcrumbList","@id":"https:\/\/tean.ch\/de\/die-app-im-detail\/#breadcrumb","itemListElement":[{"@type":"ListItem","position":1,"name":"Accueil","item":"https:\/\/tean.ch\/de\/"},{"@type":"ListItem","position":2,"name":"Die App im Detail"}]},{"@type":"WebSite","@id":"https:\/\/tean.ch\/de\/#website","url":"https:\/\/tean.ch\/de\/","name":"TEAN","description":"Un site utilisant WordPress","publisher":{"@id":"https:\/\/tean.ch\/de\/#organization"},"potentialAction":[{"@type":"SearchAction","target":{"@type":"EntryPoint","urlTemplate":"https:\/\/tean.ch\/de\/?s={search_term_string}"},"query-input":{"@type":"PropertyValueSpecification","valueRequired":true,"valueName":"search_term_string"}}],"inLanguage":"de"},{"@type":"Organization","@id":"https:\/\/tean.ch\/de\/#organization","name":"TEAN","url":"https:\/\/tean.ch\/de\/","logo":{"@type":"ImageObject","inLanguage":"de","@id":"https:\/\/tean.ch\/de\/#\/schema\/logo\/image\/","url":"https:\/\/tean.ch\/wp-content\/uploads\/2022\/03\/cropped-cropped-Copie-de-LogoTEAN-Black-860x430-1.png","contentUrl":"https:\/\/tean.ch\/wp-content\/uploads\/2022\/03\/cropped-cropped-Copie-de-LogoTEAN-Black-860x430-1.png","width":860,"height":429,"caption":"TEAN"},"image":{"@id":"https:\/\/tean.ch\/de\/#\/schema\/logo\/image\/"}}]}},"_links":{"self":[{"href":"https:\/\/tean.ch\/de\/wp-json\/wp\/v2\/pages\/4849","targetHints":{"allow":["GET"]}}],"collection":[{"href":"https:\/\/tean.ch\/de\/wp-json\/wp\/v2\/pages"}],"about":[{"href":"https:\/\/tean.ch\/de\/wp-json\/wp\/v2\/types\/page"}],"author":[{"embeddable":true,"href":"https:\/\/tean.ch\/de\/wp-json\/wp\/v2\/users\/3"}],"replies":[{"embeddable":true,"href":"https:\/\/tean.ch\/de\/wp-json\/wp\/v2\/comments?post=4849"}],"version-history":[{"count":19,"href":"https:\/\/tean.ch\/de\/wp-json\/wp\/v2\/pages\/4849\/revisions"}],"predecessor-version":[{"id":5090,"href":"https:\/\/tean.ch\/de\/wp-json\/wp\/v2\/pages\/4849\/revisions\/5090"}],"wp:attachment":[{"href":"https:\/\/tean.ch\/de\/wp-json\/wp\/v2\/media?parent=4849"}],"curies":[{"name":"wp","href":"https:\/\/api.w.org\/{rel}","templated":true}]}}