{"id":4660,"date":"2022-06-06T19:57:25","date_gmt":"2022-06-06T17:57:25","guid":{"rendered":"https:\/\/tean.ch\/tean-apps-datenschutzrichtlinie\/"},"modified":"2024-09-23T09:28:14","modified_gmt":"2024-09-23T07:28:14","slug":"tean-apps-datenschutzrichtlinie","status":"publish","type":"page","link":"https:\/\/tean.ch\/de\/tean-apps-datenschutzrichtlinie\/","title":{"rendered":"TEAN Apps Datenschutzrichtlinie"},"content":{"rendered":"<div class=\"gb-container gb-container-ddc4c7c9\"><div class=\"gb-inside-container\">\n\n<p>Juni 2022<\/p>\n\n\n\n<p>TEAN s\u00e0rl (&#8222;TEAN&#8220; oder &#8222;wir&#8220;) respektiert Ihre Pr\u00e4ferenzen in Bezug auf den Umgang mit Informationen, die wir sammeln. Diese Datenschutzrichtlinie f\u00fcr Apps erkl\u00e4rt, welche Art von Informationen wir sammeln, verwenden, weitergeben und die Sicherheit Ihrer Daten in Bezug auf unsere Anwendungen (&#8222;Anwendungen&#8220; oder &#8222;Apps&#8220;) f\u00fcr Mobiltelefone, Tablets und Wearables, die \u00fcber den Google Play Store und Apple Store angeboten werden. Bitte nehmen Sie sich einen Moment Zeit, um sich mit unseren Datenschutzpraktiken vertraut zu machen.<\/p>\n\n\n\n<p>Durch die Installation der Apps auf Ihrem Mobilger\u00e4t, einem Tablet oder einem Wearable, den Eintritt in die Apps, die Verbindung mit ihnen, den Zugriff auf sie und\/oder ihre Nutzung erkl\u00e4ren Sie sich mit den in dieser Datenschutzrichtlinie festgelegten Bedingungen einverstanden, einschlie\u00dflich der m\u00f6glichen Erfassung und Verarbeitung Ihrer Daten, und Sie stimmen der Verwendung von Cookies und anderen Tracking-Technologien auf Ihrem Ger\u00e4t zu. Bitte beachten Sie: Wenn Sie oder gegebenenfalls Ihr Erziehungsberechtigter mit einer der hierin enthaltenen Bedingungen nicht einverstanden sind, d\u00fcrfen Sie die Apps nicht installieren, darauf zugreifen und\/oder sie nutzen, und Sie werden aufgefordert, sie und alle Teile davon unverz\u00fcglich von Ihrem Mobilger\u00e4t, Tablet oder Wearable zu l\u00f6schen.<\/p>\n\n\n\n<h2 class=\"wp-block-heading\">Welche Informationen wir sammeln<\/h2>\n\n\n\n<p>Unser Hauptzweck bei der Erfassung von Informationen ist es, Ihnen eine sichere, effiziente und ma\u00dfgeschneiderte Erfahrung zu bieten und Ihnen Dienste und Funktionen zur Verf\u00fcgung zu stellen, die Ihren Bed\u00fcrfnissen oder W\u00fcnschen besser entsprechen.<\/p>\n\n\n\n<p>Pers\u00f6nliche Informationen: Wir sammeln KEINE pers\u00f6nlichen Informationen \u00fcber Sie. &#8222;Personenbezogene Daten&#8220; sind pers\u00f6nlich identifizierbare Informationen wie Ihr Name, Ihre E-Mail-Adresse, Ihre Anschrift, Kalendereintr\u00e4ge, Kontakteintr\u00e4ge, Dateien, Fotos usw.<\/p>\n\n\n\n<p>Nicht-personenbezogene Informationen: Wir sammeln nicht-personenbezogene Informationen \u00fcber Ihre Nutzung unserer Apps und aggregierte Informationen \u00fcber die Nutzung der Apps. &#8222;Nicht-personenbezogene Daten&#8220; sind Informationen anonymer Natur, wie z. B. die Art des von Ihnen verwendeten Mobilger\u00e4ts oder der Smartwatch, die eindeutige Ger\u00e4te-ID Ihres Mobilger\u00e4ts oder Ihrer Smartwatch, die IP-Adresse Ihres Mobilger\u00e4ts oder Ihrer Smartwatch, das Betriebssystem Ihres Mobilger\u00e4ts oder Ihrer Smartwatch sowie Informationen \u00fcber die Art und Weise, wie Sie die Anwendungen nutzen.<\/p>\n\n\n\n<h2 class=\"wp-block-heading\">Wie wir Ihre gesammelten Informationen verwenden<\/h2>\n\n\n\n<p>Pers\u00f6nliche Informationen: Wir sammeln keine personenbezogenen Daten und verwenden sie daher auch nicht.<\/p>\n\n\n\n<p>Nicht-personenbezogene Informationen: Im Allgemeinen werden nicht-personenbezogene Daten intern verwendet, um die Dienste zu \u00fcberwachen und zu verbessern, um Analysen des Verhaltens unserer Nutzer durchzuf\u00fchren, um demografische Daten und Interessen der Nutzer zu messen und um zu analysieren, wie und wo unsere Ressourcen am besten genutzt werden k\u00f6nnen. <\/p>\n\n\n\n<h2 class=\"wp-block-heading\">Wie wir die von uns gesammelten Informationen weitergeben<\/h2>\n\n\n\n<p>Pers\u00f6nliche Informationen: Wir sammeln KEINE pers\u00f6nliche Informationen und k\u00f6nnen sie daher auch nicht weitergeben.<\/p>\n\n\n\n<p>Nicht-personenbezogene Informationen: Wir geben KEINE nicht-personenbezogenen Informationen weiter.<\/p>\n\n\n\n<h2 class=\"wp-block-heading\">Links zu Websites und Diensten Dritter<\/h2>\n\n\n\n<p>Wir bieten in unseren Apps keine Links zu Websites und Diensten Dritter an.<\/p>\n\n\n\n<h2 class=\"wp-block-heading\">Einhaltung der Gesetze und Strafverfolgung<\/h2>\n\n\n\n<p>TEAN s\u00e0rl beh\u00e4lt sich das Recht vor, Ihre Daten an Dritte weiterzugeben, wenn wir glauben, dass dies notwendig ist, um: (1) um die gesetzlichen Anforderungen zu erf\u00fcllen oder um einem uns zugestellten Gerichtsverfahren nachzukommen; (2) um unsere Rechte oder unser Eigentum zu sch\u00fctzen oder zu verteidigen; (3) um illegale Aktivit\u00e4ten, vermuteten Betrug, Situationen, die eine potenzielle Bedrohung f\u00fcr die physische Sicherheit einer Person darstellen, oder Verst\u00f6\u00dfe gegen die Nutzungsbedingungen unserer Apps und Dienste zu untersuchen, zu verhindern oder Ma\u00dfnahmen zu ergreifen.<\/p>\n\n\n\n<h2 class=\"wp-block-heading\">Datenschutz f\u00fcr Kinder<\/h2>\n\n\n\n<p>Wir verpflichten uns, die Privatsph\u00e4re von Kindern zu sch\u00fctzen. Dies ist sichergestellt, da wir KEINERLEI pers\u00f6nliche Daten von irgendjemandem sammeln, also auch nicht von Kindern unter 13 Jahren.<\/p>\n\n\n\n<h2 class=\"wp-block-heading\">\u00c4nderungen an dieser Datenschutzrichtlinie<\/h2>\n\n\n\n<p>Wir k\u00f6nnen diese Datenschutzrichtlinie von Zeit zu Zeit aktualisieren. Wir empfehlen Ihnen daher, diese Seite in regelm\u00e4\u00dfigen Abst\u00e4nden auf \u00c4nderungen zu \u00fcberpr\u00fcfen. Wir werden Sie \u00fcber alle \u00c4nderungen informieren, indem wir die neue Datenschutzrichtlinie auf dieser Seite ver\u00f6ffentlichen. Diese \u00c4nderungen treten unmittelbar nach ihrer Ver\u00f6ffentlichung auf dieser Seite in Kraft.<\/p>\n\n\n\n<h2 class=\"wp-block-heading\">Kontakt<\/h2>\n\n\n\n<p>Wenn Sie Vorschl\u00e4ge, Feedback oder W\u00fcnsche haben, schicken Sie uns eine E-Mail an info@tean.ch<\/p>\n\n<\/div><\/div>","protected":false},"excerpt":{"rendered":"<p>Juni 2022 TEAN s\u00e0rl (&#8222;TEAN&#8220; oder &#8222;wir&#8220;) respektiert Ihre Pr\u00e4ferenzen in Bezug auf den Umgang mit Informationen, die wir sammeln. Diese Datenschutzrichtlinie f\u00fcr Apps erkl\u00e4rt, &#8230; <a title=\"TEAN Apps Datenschutzrichtlinie\" class=\"read-more\" href=\"https:\/\/tean.ch\/de\/tean-apps-datenschutzrichtlinie\/\" aria-label=\"Mehr zu TEAN Apps Datenschutzrichtlinie\">Read More<\/a><\/p>\n","protected":false},"author":2,"featured_media":0,"parent":0,"menu_order":0,"comment_status":"closed","ping_status":"closed","template":"","meta":{"footnotes":""},"class_list":["post-4660","page","type-page","status-publish"],"yoast_head":"<!-- This site is optimized with the Yoast SEO plugin v27.4 - https:\/\/yoast.com\/product\/yoast-seo-wordpress\/ -->\n<title>TEAN Apps Datenschutzrichtlinie - TEAN<\/title>\n<meta name=\"robots\" content=\"index, follow, max-snippet:-1, max-image-preview:large, max-video-preview:-1\" \/>\n<link rel=\"canonical\" href=\"https:\/\/tean.ch\/de\/tean-apps-datenschutzrichtlinie\/\" \/>\n<meta property=\"og:locale\" content=\"de_DE\" \/>\n<meta property=\"og:type\" content=\"article\" \/>\n<meta property=\"og:title\" content=\"TEAN Apps Datenschutzrichtlinie - TEAN\" \/>\n<meta property=\"og:description\" content=\"Juni 2022 TEAN s\u00e0rl (&#8222;TEAN&#8220; oder &#8222;wir&#8220;) respektiert Ihre Pr\u00e4ferenzen in Bezug auf den Umgang mit Informationen, die wir sammeln. Diese Datenschutzrichtlinie f\u00fcr Apps erkl\u00e4rt, ... Read More\" \/>\n<meta property=\"og:url\" content=\"https:\/\/tean.ch\/de\/tean-apps-datenschutzrichtlinie\/\" \/>\n<meta property=\"og:site_name\" content=\"TEAN\" \/>\n<meta property=\"article:modified_time\" content=\"2024-09-23T07:28:14+00:00\" \/>\n<meta name=\"twitter:card\" content=\"summary_large_image\" \/>\n<meta name=\"twitter:label1\" content=\"Gesch\u00e4tzte Lesezeit\" \/>\n\t<meta name=\"twitter:data1\" content=\"3\u00a0Minuten\" \/>\n<script type=\"application\/ld+json\" class=\"yoast-schema-graph\">{\"@context\":\"https:\\\/\\\/schema.org\",\"@graph\":[{\"@type\":\"WebPage\",\"@id\":\"https:\\\/\\\/tean.ch\\\/de\\\/tean-apps-datenschutzrichtlinie\\\/\",\"url\":\"https:\\\/\\\/tean.ch\\\/de\\\/tean-apps-datenschutzrichtlinie\\\/\",\"name\":\"TEAN Apps Datenschutzrichtlinie - TEAN\",\"isPartOf\":{\"@id\":\"https:\\\/\\\/tean.ch\\\/de\\\/#website\"},\"datePublished\":\"2022-06-06T17:57:25+00:00\",\"dateModified\":\"2024-09-23T07:28:14+00:00\",\"breadcrumb\":{\"@id\":\"https:\\\/\\\/tean.ch\\\/de\\\/tean-apps-datenschutzrichtlinie\\\/#breadcrumb\"},\"inLanguage\":\"de\",\"potentialAction\":[{\"@type\":\"ReadAction\",\"target\":[\"https:\\\/\\\/tean.ch\\\/de\\\/tean-apps-datenschutzrichtlinie\\\/\"]}]},{\"@type\":\"BreadcrumbList\",\"@id\":\"https:\\\/\\\/tean.ch\\\/de\\\/tean-apps-datenschutzrichtlinie\\\/#breadcrumb\",\"itemListElement\":[{\"@type\":\"ListItem\",\"position\":1,\"name\":\"Accueil\",\"item\":\"https:\\\/\\\/tean.ch\\\/de\\\/\"},{\"@type\":\"ListItem\",\"position\":2,\"name\":\"TEAN Apps Datenschutzrichtlinie\"}]},{\"@type\":\"WebSite\",\"@id\":\"https:\\\/\\\/tean.ch\\\/de\\\/#website\",\"url\":\"https:\\\/\\\/tean.ch\\\/de\\\/\",\"name\":\"TEAN\",\"description\":\"Un site utilisant WordPress\",\"publisher\":{\"@id\":\"https:\\\/\\\/tean.ch\\\/de\\\/#organization\"},\"potentialAction\":[{\"@type\":\"SearchAction\",\"target\":{\"@type\":\"EntryPoint\",\"urlTemplate\":\"https:\\\/\\\/tean.ch\\\/de\\\/?s={search_term_string}\"},\"query-input\":{\"@type\":\"PropertyValueSpecification\",\"valueRequired\":true,\"valueName\":\"search_term_string\"}}],\"inLanguage\":\"de\"},{\"@type\":\"Organization\",\"@id\":\"https:\\\/\\\/tean.ch\\\/de\\\/#organization\",\"name\":\"TEAN\",\"url\":\"https:\\\/\\\/tean.ch\\\/de\\\/\",\"logo\":{\"@type\":\"ImageObject\",\"inLanguage\":\"de\",\"@id\":\"https:\\\/\\\/tean.ch\\\/de\\\/#\\\/schema\\\/logo\\\/image\\\/\",\"url\":\"https:\\\/\\\/tean.ch\\\/wp-content\\\/uploads\\\/2022\\\/03\\\/cropped-cropped-Copie-de-LogoTEAN-Black-860x430-1.png\",\"contentUrl\":\"https:\\\/\\\/tean.ch\\\/wp-content\\\/uploads\\\/2022\\\/03\\\/cropped-cropped-Copie-de-LogoTEAN-Black-860x430-1.png\",\"width\":860,\"height\":429,\"caption\":\"TEAN\"},\"image\":{\"@id\":\"https:\\\/\\\/tean.ch\\\/de\\\/#\\\/schema\\\/logo\\\/image\\\/\"}}]}<\/script>\n<!-- \/ Yoast SEO plugin. -->","yoast_head_json":{"title":"TEAN Apps Datenschutzrichtlinie - TEAN","robots":{"index":"index","follow":"follow","max-snippet":"max-snippet:-1","max-image-preview":"max-image-preview:large","max-video-preview":"max-video-preview:-1"},"canonical":"https:\/\/tean.ch\/de\/tean-apps-datenschutzrichtlinie\/","og_locale":"de_DE","og_type":"article","og_title":"TEAN Apps Datenschutzrichtlinie - TEAN","og_description":"Juni 2022 TEAN s\u00e0rl (&#8222;TEAN&#8220; oder &#8222;wir&#8220;) respektiert Ihre Pr\u00e4ferenzen in Bezug auf den Umgang mit Informationen, die wir sammeln. Diese Datenschutzrichtlinie f\u00fcr Apps erkl\u00e4rt, ... Read More","og_url":"https:\/\/tean.ch\/de\/tean-apps-datenschutzrichtlinie\/","og_site_name":"TEAN","article_modified_time":"2024-09-23T07:28:14+00:00","twitter_card":"summary_large_image","twitter_misc":{"Gesch\u00e4tzte Lesezeit":"3\u00a0Minuten"},"schema":{"@context":"https:\/\/schema.org","@graph":[{"@type":"WebPage","@id":"https:\/\/tean.ch\/de\/tean-apps-datenschutzrichtlinie\/","url":"https:\/\/tean.ch\/de\/tean-apps-datenschutzrichtlinie\/","name":"TEAN Apps Datenschutzrichtlinie - TEAN","isPartOf":{"@id":"https:\/\/tean.ch\/de\/#website"},"datePublished":"2022-06-06T17:57:25+00:00","dateModified":"2024-09-23T07:28:14+00:00","breadcrumb":{"@id":"https:\/\/tean.ch\/de\/tean-apps-datenschutzrichtlinie\/#breadcrumb"},"inLanguage":"de","potentialAction":[{"@type":"ReadAction","target":["https:\/\/tean.ch\/de\/tean-apps-datenschutzrichtlinie\/"]}]},{"@type":"BreadcrumbList","@id":"https:\/\/tean.ch\/de\/tean-apps-datenschutzrichtlinie\/#breadcrumb","itemListElement":[{"@type":"ListItem","position":1,"name":"Accueil","item":"https:\/\/tean.ch\/de\/"},{"@type":"ListItem","position":2,"name":"TEAN Apps Datenschutzrichtlinie"}]},{"@type":"WebSite","@id":"https:\/\/tean.ch\/de\/#website","url":"https:\/\/tean.ch\/de\/","name":"TEAN","description":"Un site utilisant WordPress","publisher":{"@id":"https:\/\/tean.ch\/de\/#organization"},"potentialAction":[{"@type":"SearchAction","target":{"@type":"EntryPoint","urlTemplate":"https:\/\/tean.ch\/de\/?s={search_term_string}"},"query-input":{"@type":"PropertyValueSpecification","valueRequired":true,"valueName":"search_term_string"}}],"inLanguage":"de"},{"@type":"Organization","@id":"https:\/\/tean.ch\/de\/#organization","name":"TEAN","url":"https:\/\/tean.ch\/de\/","logo":{"@type":"ImageObject","inLanguage":"de","@id":"https:\/\/tean.ch\/de\/#\/schema\/logo\/image\/","url":"https:\/\/tean.ch\/wp-content\/uploads\/2022\/03\/cropped-cropped-Copie-de-LogoTEAN-Black-860x430-1.png","contentUrl":"https:\/\/tean.ch\/wp-content\/uploads\/2022\/03\/cropped-cropped-Copie-de-LogoTEAN-Black-860x430-1.png","width":860,"height":429,"caption":"TEAN"},"image":{"@id":"https:\/\/tean.ch\/de\/#\/schema\/logo\/image\/"}}]}},"_links":{"self":[{"href":"https:\/\/tean.ch\/de\/wp-json\/wp\/v2\/pages\/4660","targetHints":{"allow":["GET"]}}],"collection":[{"href":"https:\/\/tean.ch\/de\/wp-json\/wp\/v2\/pages"}],"about":[{"href":"https:\/\/tean.ch\/de\/wp-json\/wp\/v2\/types\/page"}],"author":[{"embeddable":true,"href":"https:\/\/tean.ch\/de\/wp-json\/wp\/v2\/users\/2"}],"replies":[{"embeddable":true,"href":"https:\/\/tean.ch\/de\/wp-json\/wp\/v2\/comments?post=4660"}],"version-history":[{"count":6,"href":"https:\/\/tean.ch\/de\/wp-json\/wp\/v2\/pages\/4660\/revisions"}],"predecessor-version":[{"id":4895,"href":"https:\/\/tean.ch\/de\/wp-json\/wp\/v2\/pages\/4660\/revisions\/4895"}],"wp:attachment":[{"href":"https:\/\/tean.ch\/de\/wp-json\/wp\/v2\/media?parent=4660"}],"curies":[{"name":"wp","href":"https:\/\/api.w.org\/{rel}","templated":true}]}}