{"id":4221,"date":"2023-04-22T23:04:29","date_gmt":"2023-04-22T21:04:29","guid":{"rendered":"https:\/\/tean.ch\/?page_id=4221"},"modified":"2025-09-05T18:19:05","modified_gmt":"2025-09-05T16:19:05","slug":"eltern","status":"publish","type":"page","link":"https:\/\/tean.ch\/de\/eltern\/","title":{"rendered":"f\u00fcr Eltern"},"content":{"rendered":"<div class=\"gb-container gb-container-6f1bd66a\"><div class=\"gb-inside-container\">\n\n<h1 class=\"gb-headline gb-headline-e1baf299 gb-headline-text\"><strong>DIE JUNGEN LEUTE K\u00d6NNEN DIE UHR NICHT MEHR LESEN, KANN DAS SEIN ?<\/strong><\/h1><br>\n\n\n\n<p>Heutzutage wird die digitale Zeit zwar \u00fcberall in Sichtweite angezeigt, jedoch legen die meisten L\u00e4nder ebenfalls Wert auf das Erlernen der Uhrzeit auf einem analogen Zifferblatt. In der Schweiz ist dies bei Primarklassen von etwa 8-10 Jahren der Fall. Warum f\u00e4llt es unseren Teenagern dann so schwer, die Uhrzeit auf einem Kirchturm zu entziffern? Die<strong>Konsolidierung<\/strong> dieses Lernens beim Kind h\u00e4ngt fundamental von der <strong>Bereitschaft der Menschen in seiner Umgebung<\/strong> ab, ihm beizubringen, regelm\u00e4\u00dfig die Uhrzeit mit Hilfe der Zeiger abzulesen. Denn<strong>ein Gro\u00dfteil der Jugendlichen kann es aus Mangel an \u00dcbung nicht mehr<\/strong>und verzichtet einfach darauf.<br\/><\/p>\n\n\n\n<p>Begriffe wie <strong>&#8222;Viertel vor&#8220; <\/strong>oder <strong>&#8222;zwanzig nach&#8220; <\/strong>werden <strong>abstrakt. <\/strong> Ab der siebten Klasse sollst Du die Begriffe dann auch noch auf <strong>auf Deutsch und Englisch lernen&#8230;<\/strong><\/p>\n\n\n\n<p><strong> <\/strong><\/p>\n\n\n\n<h3 class=\"gb-headline gb-headline-db2ed4c5 gb-headline-text\"><strong>Ihr glaubt uns nicht? Probiert es doch selber mal aus !<\/strong><\/h3><br>\n\n\n\n<p>Bittet ein paar junge Leute im Alter von 12 bis 25 Jahren in eurer N\u00e4he oder einfach auf der Stra\u00dfe, die Zeit auf einer Kirchenuhr oder eurer Armbanduhr (mit einem analogen Zifferblatt und m\u00f6glichst ohne Zahlen) abzulesen. Auch wenn sie zum 18. oder 20. Geburtstag eine sch\u00f6ne Uhr geschenkt bekommen haben, ist es sehr gut m\u00f6glich, dass diese nur als Schmuckst\u00fcck dient und er oder sie die Uhrzeit lieber auf &#8230; seinem\/ihrem Handy abliest!<br\/><\/p>\n\n\n<div class=\"wp-block-image is-resized\">\n<figure class=\"aligncenter size-medium\"><img loading=\"lazy\" decoding=\"async\" width=\"238\" height=\"300\" src=\"https:\/\/tean.ch\/wp-content\/uploads\/2022\/05\/IMG_2376-238x300.jpg\" alt=\"\" class=\"wp-image-2788\" style=\"aspect-ratio:0.7947019867549668;object-fit:contain\" srcset=\"https:\/\/tean.ch\/wp-content\/uploads\/2022\/05\/IMG_2376-238x300.jpg 238w, https:\/\/tean.ch\/wp-content\/uploads\/2022\/05\/IMG_2376-814x1024.jpg 814w, https:\/\/tean.ch\/wp-content\/uploads\/2022\/05\/IMG_2376-768x966.jpg 768w, https:\/\/tean.ch\/wp-content\/uploads\/2022\/05\/IMG_2376.jpg 1080w\" sizes=\"auto, (max-width: 238px) 100vw, 238px\" \/><figcaption class=\"wp-element-caption\">Kannst Du&#8217;s oder nicht? Das ist die Frage &#8230;.<\/figcaption><\/figure>\n<\/div>\n<\/div><\/div><div class=\"gb-container gb-container-8cc654e1\"><div class=\"gb-inside-container\">\n\n<hr class=\"wp-block-separator has-alpha-channel-opacity\"\/>\n\n\n\n<h1 class=\"gb-headline gb-headline-58f86525 gb-headline-text\"><strong>UND WIR ELTERN ?<\/strong><\/h1><br>\n\n\n\n<p>Nat\u00fcrlich h\u00e4ngen noch viele analoge Uhren in Bahnh\u00f6fen, an Kircht\u00fcrmen und in unseren Wohnungen. Aber wir haben es bei unserem j\u00fcngsten Kind selbst erlebt, dass wenn man gleichzeitig die Uhrzeit auf digitalen Zifferbl\u00e4ttern ablesen kann, w\u00e4hlt das Kind schnell diesen einfachen Weg und die Eltern merken es nicht einmal.<\/p>\n\n\n\n<p><strong>Wird das analoge Zifferblatt verschwinden, so wie die Sonnenuhr auch \u00fcberfl\u00fcssig geworden ist? Und was denken wir?<\/strong><br\/><\/p>\n\n\n\n<p>Wie es auch die Montessori Lernwelt zeigt, sind visuelle Werkzeuge wie das <strong>analoge Zifferblatt<\/strong> wichtig f\u00fcr das Erkennen und Verstehen und Erlernen abstrakter Begriffe. Das analoge Zifferblatt erm\u00f6glicht es, <strong>die Zeitvorstellung <\/strong> r\u00e4umlich darzustellen und er\u00f6ffnet damit einen neuen Weg zum <strong>Verst\u00e4ndnis anderer abstrakter Begriffe<\/strong> (Br\u00fcche, Reihen&#8230;). Daher haben wir die TEAN-Apps f\u00fcr alle Menschen entwickelt, die dieses Lernen langfristig festigen oder in anderen Sprachen \u00fcben m\u00f6chten.<\/p>\n\n\n\n<h2 class=\"gb-headline gb-headline-0cc839ff gb-headline-text\"><strong>Die TEAN-App auf einem Android-Handy, um das Erlernen der Uhrzeit zu \u00fcben:<\/strong><\/h2>\n\n\n\n<p>F\u00fcr Kinder, die das Ablesen der Uhrzeit lernen: ein Zifferblatt mit <strong>24 Stunden<\/strong>. Tean verf\u00fcgt \u00fcber einen \u201eTrainings\u201c-Modus und einen \u201eQuiz\u201c-Modus.<\/p>\n\n\n\n<p>11 progressive Zifferbl\u00e4tter zur Auswahl, um das Ablesen der Zeit auf zunehmend vereinfachten Zifferbl\u00e4ttern zu trainieren; 16 Sprachen verf\u00fcgbar, um das Lesen des Zeitausdrucks in mehreren Sprachen zu \u00fcben.<\/p>\n\n\n<div class=\"gb-grid-wrapper gb-grid-wrapper-1addbce4\">\n<div class=\"gb-grid-column gb-grid-column-fdffec14\"><div class=\"gb-container gb-container-fdffec14\">\n<div class=\"wp-block-image is-resized\">\n<figure class=\"aligncenter size-full\"><img loading=\"lazy\" decoding=\"async\" width=\"1080\" height=\"2292\" src=\"https:\/\/tean.ch\/wp-content\/uploads\/2023\/09\/Screenshot_20230909_173451_Gallery.jpg\" alt=\"\" class=\"wp-image-4547\" srcset=\"https:\/\/tean.ch\/wp-content\/uploads\/2023\/09\/Screenshot_20230909_173451_Gallery.jpg 1080w, https:\/\/tean.ch\/wp-content\/uploads\/2023\/09\/Screenshot_20230909_173451_Gallery-141x300.jpg 141w, https:\/\/tean.ch\/wp-content\/uploads\/2023\/09\/Screenshot_20230909_173451_Gallery-483x1024.jpg 483w, https:\/\/tean.ch\/wp-content\/uploads\/2023\/09\/Screenshot_20230909_173451_Gallery-768x1630.jpg 768w, https:\/\/tean.ch\/wp-content\/uploads\/2023\/09\/Screenshot_20230909_173451_Gallery-724x1536.jpg 724w, https:\/\/tean.ch\/wp-content\/uploads\/2023\/09\/Screenshot_20230909_173451_Gallery-965x2048.jpg 965w\" sizes=\"auto, (max-width: 1080px) 100vw, 1080px\" \/><figcaption class=\"wp-element-caption\">3 Arten Quiz,  11 Lernzifferbl\u00e4tter, 5 Geschwindigkeiten, 16 Sprachen&#8230;<\/figcaption><\/figure>\n<\/div>\n<\/div><\/div>\n\n<div class=\"gb-grid-column gb-grid-column-120dca43\"><div class=\"gb-container gb-container-120dca43\">\n<div class=\"wp-block-image is-resized\">\n<figure class=\"aligncenter size-full\"><img loading=\"lazy\" decoding=\"async\" width=\"1073\" height=\"2294\" src=\"https:\/\/tean.ch\/wp-content\/uploads\/2023\/09\/Screenshot_20230911_183903_TEAN-Analog-Learning-Clock-1.jpg\" alt=\"\" class=\"wp-image-4562\" srcset=\"https:\/\/tean.ch\/wp-content\/uploads\/2023\/09\/Screenshot_20230911_183903_TEAN-Analog-Learning-Clock-1.jpg 1073w, https:\/\/tean.ch\/wp-content\/uploads\/2023\/09\/Screenshot_20230911_183903_TEAN-Analog-Learning-Clock-1-140x300.jpg 140w, https:\/\/tean.ch\/wp-content\/uploads\/2023\/09\/Screenshot_20230911_183903_TEAN-Analog-Learning-Clock-1-479x1024.jpg 479w, https:\/\/tean.ch\/wp-content\/uploads\/2023\/09\/Screenshot_20230911_183903_TEAN-Analog-Learning-Clock-1-768x1642.jpg 768w, https:\/\/tean.ch\/wp-content\/uploads\/2023\/09\/Screenshot_20230911_183903_TEAN-Analog-Learning-Clock-1-718x1536.jpg 718w, https:\/\/tean.ch\/wp-content\/uploads\/2023\/09\/Screenshot_20230911_183903_TEAN-Analog-Learning-Clock-1-958x2048.jpg 958w\" sizes=\"auto, (max-width: 1073px) 100vw, 1073px\" \/><figcaption class=\"wp-element-caption\">&#8230; um die Zeit anhand der Zeiger abzulesen und die Zeitausdr\u00fccke zu lernen. <\/figcaption><\/figure>\n<\/div>\n<\/div><\/div>\n<\/div>\n\n<div class=\"gb-grid-wrapper gb-grid-wrapper-7c320b3a\">\n<div class=\"gb-grid-column gb-grid-column-0bccf68d\"><div class=\"gb-container gb-container-0bccf68d\">\n<div class=\"wp-block-image is-resized\">\n<figure class=\"aligncenter size-full\"><img loading=\"lazy\" decoding=\"async\" width=\"1080\" height=\"2292\" src=\"https:\/\/tean.ch\/wp-content\/uploads\/2023\/09\/Screenshot_20230911_232617_TEAN-Analog-Learning-Clock.jpg\" alt=\"\" class=\"wp-image-4589\" srcset=\"https:\/\/tean.ch\/wp-content\/uploads\/2023\/09\/Screenshot_20230911_232617_TEAN-Analog-Learning-Clock.jpg 1080w, https:\/\/tean.ch\/wp-content\/uploads\/2023\/09\/Screenshot_20230911_232617_TEAN-Analog-Learning-Clock-141x300.jpg 141w, https:\/\/tean.ch\/wp-content\/uploads\/2023\/09\/Screenshot_20230911_232617_TEAN-Analog-Learning-Clock-483x1024.jpg 483w, https:\/\/tean.ch\/wp-content\/uploads\/2023\/09\/Screenshot_20230911_232617_TEAN-Analog-Learning-Clock-768x1630.jpg 768w, https:\/\/tean.ch\/wp-content\/uploads\/2023\/09\/Screenshot_20230911_232617_TEAN-Analog-Learning-Clock-724x1536.jpg 724w, https:\/\/tean.ch\/wp-content\/uploads\/2023\/09\/Screenshot_20230911_232617_TEAN-Analog-Learning-Clock-965x2048.jpg 965w\" sizes=\"auto, (max-width: 1080px) 100vw, 1080px\" \/><figcaption class=\"wp-element-caption\">Beispiel: Quiz auf deutsch<\/figcaption><\/figure>\n<\/div>\n<\/div><\/div>\n\n<div class=\"gb-grid-column gb-grid-column-b7c9ec8e\"><div class=\"gb-container gb-container-b7c9ec8e\">\n<div class=\"wp-block-image is-resized\">\n<figure class=\"aligncenter size-full\"><img loading=\"lazy\" decoding=\"async\" width=\"1074\" height=\"2308\" src=\"https:\/\/tean.ch\/wp-content\/uploads\/2023\/09\/Screenshot_20230911_230719_TEAN-Analog-Learning-Clock.jpg\" alt=\"\" class=\"wp-image-4573\" style=\"aspect-ratio:0.4666666666666667;object-fit:cover\" srcset=\"https:\/\/tean.ch\/wp-content\/uploads\/2023\/09\/Screenshot_20230911_230719_TEAN-Analog-Learning-Clock.jpg 1074w, https:\/\/tean.ch\/wp-content\/uploads\/2023\/09\/Screenshot_20230911_230719_TEAN-Analog-Learning-Clock-140x300.jpg 140w, https:\/\/tean.ch\/wp-content\/uploads\/2023\/09\/Screenshot_20230911_230719_TEAN-Analog-Learning-Clock-477x1024.jpg 477w, https:\/\/tean.ch\/wp-content\/uploads\/2023\/09\/Screenshot_20230911_230719_TEAN-Analog-Learning-Clock-768x1650.jpg 768w, https:\/\/tean.ch\/wp-content\/uploads\/2023\/09\/Screenshot_20230911_230719_TEAN-Analog-Learning-Clock-715x1536.jpg 715w, https:\/\/tean.ch\/wp-content\/uploads\/2023\/09\/Screenshot_20230911_230719_TEAN-Analog-Learning-Clock-953x2048.jpg 953w\" sizes=\"auto, (max-width: 1074px) 100vw, 1074px\" \/><figcaption class=\"wp-element-caption\"> Quiz: W\u00e4hle die Sprache, das Zifferblatt, die Art der \u00dcbung und die Geschwindigkeit.<\/figcaption><\/figure>\n<\/div>\n<\/div><\/div>\n<\/div>\n\n<div class=\"gb-button-wrapper gb-button-wrapper-d82ba490\">\n\n<a class=\"gb-button gb-button-f21af1ad gb-button-text\" href=\"https:\/\/play.google.com\/store\/apps\/details?id=com.nectoria.teanappmobile\">App f\u00fcr Dein Android Handy\/Tablet<\/a><br>\n\n\n\n<a class=\"gb-button gb-button-16a841c5 gb-button-text\" href=\"https:\/\/apps.apple.com\/us\/app\/tean-learning-clock\/id6467243177?platform=iphone\">App f\u00fcr Dein iPhone\/iPad<\/a><br>\n\n<\/div>\n<\/div><\/div><div class=\"gb-grid-wrapper gb-grid-wrapper-19443a96\">\n<div class=\"gb-grid-column gb-grid-column-66c167af\"><div class=\"gb-container gb-container-66c167af\"><div class=\"gb-inside-container\">\n\n<h2 class=\"wp-block-heading has-text-align-center\"><strong>Ein paar Quellen auf dem Internet:<\/strong><\/h2>\n\n<\/div><\/div><\/div>\n\n<div class=\"gb-grid-column gb-grid-column-e41b2930\"><div class=\"gb-container gb-container-e41b2930\"><div class=\"gb-inside-container\">\n\n<p><a href=\"https:\/\/www.dedhamcountryday.org\/blog\/10-reasons-why-its-important-to-teach-second-graders-how-to-read-an-analog-clock\/\"><strong>10 Gr\u00fcnde warum es wichtig ist Grundsch\u00fclern-innen das Lesen der Analoguhr beizubringen (Englisch)<\/strong><\/a><\/p>\n\n<\/div><\/div><\/div>\n\n<div class=\"gb-grid-column gb-grid-column-cc31db3c\"><div class=\"gb-container gb-container-cc31db3c\"><div class=\"gb-inside-container\">\n\n<p><strong><a href=\"https:\/\/www.mathnasium.com\/au\/maths-centres\/uppermountgravatt\/news\/920220708-telling-time-on-an-analog-clock-should-we-ditch-this-skill#:~:text=In%20this%20modern%20time%20where,120%C2%B0%20at%204:00.\">Sollen wir diese F\u00e4higkeit aufgeben? (Englisch)<\/a><\/strong><\/p>\n\n<\/div><\/div><\/div>\n\n<div class=\"gb-grid-column gb-grid-column-d50f7b60\"><div class=\"gb-container gb-container-d50f7b60\"><div class=\"gb-inside-container\">\n\n<p><a href=\"https:\/\/cronkitenews.azpbs.org\/2024\/05\/10\/telling-time-important-skill-education-life-experts-say\/\"><strong>Die Uhr lesen erlaubt es wichtige F\u00e4higkeiten f\u00fcrs Leben zu lernen (Englisch)<\/strong><\/a><\/p>\n\n<\/div><\/div><\/div>\n\n<div class=\"gb-grid-column gb-grid-column-9114ed47\"><div class=\"gb-container gb-container-9114ed47\"><div class=\"gb-inside-container\">\n\n<p><a href=\"https:\/\/youtu.be\/PIe2auW9EMI\"><strong>Die Kinder k\u00f6nnen die Uhr nicht mehr lesen! (Englisch)<\/strong><\/a><\/p>\n\n<\/div><\/div><\/div>\n\n<div class=\"gb-grid-column gb-grid-column-050613ea\"><div class=\"gb-container gb-container-050613ea\"><div class=\"gb-inside-container\">\n\n<p><a href=\"http:\/\/youtube.com\/watch?v=ZvLKbhXqEKw\"><strong>Kann unsere Jugend noch die Uhr lesen? (Englisch)<\/strong><\/a><\/p>\n\n<\/div><\/div><\/div>\n\n<div class=\"gb-grid-column gb-grid-column-e8c36f7f\"><div class=\"gb-container gb-container-e8c36f7f\"><\/div><\/div>\n<\/div>\n<p class=\"has-text-align-center\" style=\"font-size:28px\"><strong><a href=\"https:\/\/tean.ch\/de\/\">Zur\u00fcck zur Startseite<\/a><\/strong><\/p>\n","protected":false},"excerpt":{"rendered":"<p>DIE JUNGEN LEUTE K\u00d6NNEN DIE UHR NICHT MEHR LESEN, KANN DAS SEIN ? Heutzutage wird die digitale Zeit zwar \u00fcberall in Sichtweite angezeigt, jedoch legen &#8230; <a title=\"f\u00fcr Eltern\" class=\"read-more\" href=\"https:\/\/tean.ch\/de\/eltern\/\" aria-label=\"Mehr zu f\u00fcr Eltern\">Read More<\/a><\/p>\n","protected":false},"author":2,"featured_media":0,"parent":0,"menu_order":0,"comment_status":"closed","ping_status":"closed","template":"","meta":{"footnotes":""},"class_list":["post-4221","page","type-page","status-publish"],"yoast_head":"<!-- This site is optimized with the Yoast SEO plugin v27.6 - https:\/\/yoast.com\/product\/yoast-seo-wordpress\/ -->\n<title>f\u00fcr Eltern - TEAN<\/title>\n<meta name=\"robots\" content=\"index, follow, max-snippet:-1, max-image-preview:large, max-video-preview:-1\" \/>\n<link rel=\"canonical\" href=\"https:\/\/tean.ch\/de\/eltern\/\" \/>\n<meta property=\"og:locale\" content=\"de_DE\" \/>\n<meta property=\"og:type\" content=\"article\" \/>\n<meta property=\"og:title\" content=\"f\u00fcr Eltern - TEAN\" \/>\n<meta property=\"og:description\" content=\"DIE JUNGEN LEUTE K\u00d6NNEN DIE UHR NICHT MEHR LESEN, KANN DAS SEIN ? Heutzutage wird die digitale Zeit zwar \u00fcberall in Sichtweite angezeigt, jedoch legen ... Read More\" \/>\n<meta property=\"og:url\" content=\"https:\/\/tean.ch\/de\/eltern\/\" \/>\n<meta property=\"og:site_name\" content=\"TEAN\" \/>\n<meta property=\"article:modified_time\" content=\"2025-09-05T16:19:05+00:00\" \/>\n<meta property=\"og:image\" content=\"https:\/\/tean.ch\/wp-content\/uploads\/2022\/05\/IMG_2376-238x300.jpg\" \/>\n<meta name=\"twitter:card\" content=\"summary_large_image\" \/>\n<meta name=\"twitter:label1\" content=\"Gesch\u00e4tzte Lesezeit\" \/>\n\t<meta name=\"twitter:data1\" content=\"4\u00a0Minuten\" \/>\n<script type=\"application\/ld+json\" class=\"yoast-schema-graph\">{\"@context\":\"https:\\\/\\\/schema.org\",\"@graph\":[{\"@type\":\"WebPage\",\"@id\":\"https:\\\/\\\/tean.ch\\\/de\\\/eltern\\\/\",\"url\":\"https:\\\/\\\/tean.ch\\\/de\\\/eltern\\\/\",\"name\":\"f\u00fcr Eltern - TEAN\",\"isPartOf\":{\"@id\":\"https:\\\/\\\/tean.ch\\\/de\\\/#website\"},\"primaryImageOfPage\":{\"@id\":\"https:\\\/\\\/tean.ch\\\/de\\\/eltern\\\/#primaryimage\"},\"image\":{\"@id\":\"https:\\\/\\\/tean.ch\\\/de\\\/eltern\\\/#primaryimage\"},\"thumbnailUrl\":\"https:\\\/\\\/tean.ch\\\/wp-content\\\/uploads\\\/2022\\\/05\\\/IMG_2376-238x300.jpg\",\"datePublished\":\"2023-04-22T21:04:29+00:00\",\"dateModified\":\"2025-09-05T16:19:05+00:00\",\"breadcrumb\":{\"@id\":\"https:\\\/\\\/tean.ch\\\/de\\\/eltern\\\/#breadcrumb\"},\"inLanguage\":\"de\",\"potentialAction\":[{\"@type\":\"ReadAction\",\"target\":[\"https:\\\/\\\/tean.ch\\\/de\\\/eltern\\\/\"]}]},{\"@type\":\"ImageObject\",\"inLanguage\":\"de\",\"@id\":\"https:\\\/\\\/tean.ch\\\/de\\\/eltern\\\/#primaryimage\",\"url\":\"https:\\\/\\\/tean.ch\\\/wp-content\\\/uploads\\\/2022\\\/05\\\/IMG_2376-238x300.jpg\",\"contentUrl\":\"https:\\\/\\\/tean.ch\\\/wp-content\\\/uploads\\\/2022\\\/05\\\/IMG_2376-238x300.jpg\"},{\"@type\":\"BreadcrumbList\",\"@id\":\"https:\\\/\\\/tean.ch\\\/de\\\/eltern\\\/#breadcrumb\",\"itemListElement\":[{\"@type\":\"ListItem\",\"position\":1,\"name\":\"Accueil\",\"item\":\"https:\\\/\\\/tean.ch\\\/de\\\/\"},{\"@type\":\"ListItem\",\"position\":2,\"name\":\"f\u00fcr Eltern\"}]},{\"@type\":\"WebSite\",\"@id\":\"https:\\\/\\\/tean.ch\\\/de\\\/#website\",\"url\":\"https:\\\/\\\/tean.ch\\\/de\\\/\",\"name\":\"TEAN\",\"description\":\"Un site utilisant WordPress\",\"publisher\":{\"@id\":\"https:\\\/\\\/tean.ch\\\/de\\\/#organization\"},\"potentialAction\":[{\"@type\":\"SearchAction\",\"target\":{\"@type\":\"EntryPoint\",\"urlTemplate\":\"https:\\\/\\\/tean.ch\\\/de\\\/?s={search_term_string}\"},\"query-input\":{\"@type\":\"PropertyValueSpecification\",\"valueRequired\":true,\"valueName\":\"search_term_string\"}}],\"inLanguage\":\"de\"},{\"@type\":\"Organization\",\"@id\":\"https:\\\/\\\/tean.ch\\\/de\\\/#organization\",\"name\":\"TEAN\",\"url\":\"https:\\\/\\\/tean.ch\\\/de\\\/\",\"logo\":{\"@type\":\"ImageObject\",\"inLanguage\":\"de\",\"@id\":\"https:\\\/\\\/tean.ch\\\/de\\\/#\\\/schema\\\/logo\\\/image\\\/\",\"url\":\"https:\\\/\\\/tean.ch\\\/wp-content\\\/uploads\\\/2022\\\/03\\\/cropped-cropped-Copie-de-LogoTEAN-Black-860x430-1.png\",\"contentUrl\":\"https:\\\/\\\/tean.ch\\\/wp-content\\\/uploads\\\/2022\\\/03\\\/cropped-cropped-Copie-de-LogoTEAN-Black-860x430-1.png\",\"width\":860,\"height\":429,\"caption\":\"TEAN\"},\"image\":{\"@id\":\"https:\\\/\\\/tean.ch\\\/de\\\/#\\\/schema\\\/logo\\\/image\\\/\"}}]}<\/script>\n<!-- \/ Yoast SEO plugin. -->","yoast_head_json":{"title":"f\u00fcr Eltern - TEAN","robots":{"index":"index","follow":"follow","max-snippet":"max-snippet:-1","max-image-preview":"max-image-preview:large","max-video-preview":"max-video-preview:-1"},"canonical":"https:\/\/tean.ch\/de\/eltern\/","og_locale":"de_DE","og_type":"article","og_title":"f\u00fcr Eltern - TEAN","og_description":"DIE JUNGEN LEUTE K\u00d6NNEN DIE UHR NICHT MEHR LESEN, KANN DAS SEIN ? Heutzutage wird die digitale Zeit zwar \u00fcberall in Sichtweite angezeigt, jedoch legen ... Read More","og_url":"https:\/\/tean.ch\/de\/eltern\/","og_site_name":"TEAN","article_modified_time":"2025-09-05T16:19:05+00:00","og_image":[{"url":"https:\/\/tean.ch\/wp-content\/uploads\/2022\/05\/IMG_2376-238x300.jpg","type":"","width":"","height":""}],"twitter_card":"summary_large_image","twitter_misc":{"Gesch\u00e4tzte Lesezeit":"4\u00a0Minuten"},"schema":{"@context":"https:\/\/schema.org","@graph":[{"@type":"WebPage","@id":"https:\/\/tean.ch\/de\/eltern\/","url":"https:\/\/tean.ch\/de\/eltern\/","name":"f\u00fcr Eltern - TEAN","isPartOf":{"@id":"https:\/\/tean.ch\/de\/#website"},"primaryImageOfPage":{"@id":"https:\/\/tean.ch\/de\/eltern\/#primaryimage"},"image":{"@id":"https:\/\/tean.ch\/de\/eltern\/#primaryimage"},"thumbnailUrl":"https:\/\/tean.ch\/wp-content\/uploads\/2022\/05\/IMG_2376-238x300.jpg","datePublished":"2023-04-22T21:04:29+00:00","dateModified":"2025-09-05T16:19:05+00:00","breadcrumb":{"@id":"https:\/\/tean.ch\/de\/eltern\/#breadcrumb"},"inLanguage":"de","potentialAction":[{"@type":"ReadAction","target":["https:\/\/tean.ch\/de\/eltern\/"]}]},{"@type":"ImageObject","inLanguage":"de","@id":"https:\/\/tean.ch\/de\/eltern\/#primaryimage","url":"https:\/\/tean.ch\/wp-content\/uploads\/2022\/05\/IMG_2376-238x300.jpg","contentUrl":"https:\/\/tean.ch\/wp-content\/uploads\/2022\/05\/IMG_2376-238x300.jpg"},{"@type":"BreadcrumbList","@id":"https:\/\/tean.ch\/de\/eltern\/#breadcrumb","itemListElement":[{"@type":"ListItem","position":1,"name":"Accueil","item":"https:\/\/tean.ch\/de\/"},{"@type":"ListItem","position":2,"name":"f\u00fcr Eltern"}]},{"@type":"WebSite","@id":"https:\/\/tean.ch\/de\/#website","url":"https:\/\/tean.ch\/de\/","name":"TEAN","description":"Un site utilisant WordPress","publisher":{"@id":"https:\/\/tean.ch\/de\/#organization"},"potentialAction":[{"@type":"SearchAction","target":{"@type":"EntryPoint","urlTemplate":"https:\/\/tean.ch\/de\/?s={search_term_string}"},"query-input":{"@type":"PropertyValueSpecification","valueRequired":true,"valueName":"search_term_string"}}],"inLanguage":"de"},{"@type":"Organization","@id":"https:\/\/tean.ch\/de\/#organization","name":"TEAN","url":"https:\/\/tean.ch\/de\/","logo":{"@type":"ImageObject","inLanguage":"de","@id":"https:\/\/tean.ch\/de\/#\/schema\/logo\/image\/","url":"https:\/\/tean.ch\/wp-content\/uploads\/2022\/03\/cropped-cropped-Copie-de-LogoTEAN-Black-860x430-1.png","contentUrl":"https:\/\/tean.ch\/wp-content\/uploads\/2022\/03\/cropped-cropped-Copie-de-LogoTEAN-Black-860x430-1.png","width":860,"height":429,"caption":"TEAN"},"image":{"@id":"https:\/\/tean.ch\/de\/#\/schema\/logo\/image\/"}}]}},"_links":{"self":[{"href":"https:\/\/tean.ch\/de\/wp-json\/wp\/v2\/pages\/4221","targetHints":{"allow":["GET"]}}],"collection":[{"href":"https:\/\/tean.ch\/de\/wp-json\/wp\/v2\/pages"}],"about":[{"href":"https:\/\/tean.ch\/de\/wp-json\/wp\/v2\/types\/page"}],"author":[{"embeddable":true,"href":"https:\/\/tean.ch\/de\/wp-json\/wp\/v2\/users\/2"}],"replies":[{"embeddable":true,"href":"https:\/\/tean.ch\/de\/wp-json\/wp\/v2\/comments?post=4221"}],"version-history":[{"count":11,"href":"https:\/\/tean.ch\/de\/wp-json\/wp\/v2\/pages\/4221\/revisions"}],"predecessor-version":[{"id":5231,"href":"https:\/\/tean.ch\/de\/wp-json\/wp\/v2\/pages\/4221\/revisions\/5231"}],"wp:attachment":[{"href":"https:\/\/tean.ch\/de\/wp-json\/wp\/v2\/media?parent=4221"}],"curies":[{"name":"wp","href":"https:\/\/api.w.org\/{rel}","templated":true}]}}