{"id":3456,"date":"2021-01-08T10:51:42","date_gmt":"2021-01-08T09:51:42","guid":{"rendered":"https:\/\/tean.ch\/eltern-und-lehrer-innen\/"},"modified":"2026-03-31T09:46:33","modified_gmt":"2026-03-31T07:46:33","slug":"eltern-und-lehrer-innen","status":"publish","type":"page","link":"https:\/\/tean.ch\/de\/eltern-und-lehrer-innen\/","title":{"rendered":"Lehrer-innen"},"content":{"rendered":"<div class=\"gb-container gb-container-8cc654e1\"><div class=\"gb-inside-container\">\n\n<hr class=\"wp-block-separator has-alpha-channel-opacity\"\/>\n\n\n\n<h1 class=\"gb-headline gb-headline-1fa621ee gb-headline-text\">SCHULE : F\u00dcR WEN IST DIE TEAN APP ?<\/h1><br>\n\n\n\n<p><strong>F\u00fcr Lehrer und Sch\u00fcler der Grundschule <\/strong> die ein interaktives und kurzweiliges Lernwerkzeug zum Erlernen der Uhr suchen. Es funktioniert einfach mit einem Quiz bei welchem die Schwierigkeitsstufen kontinuierlich ansteigen, bis die Uhr sicher erlernt ist.<\/p>\n\n\n\n<p><strong>F\u00fcr Sprachlehrer und -sch\u00fcler<\/strong> : die TEAN App bietet hier die M\u00f6glichkeit die schriftlichen Sprachausdr\u00fccke f\u00fcr die Uhrzeit in 15 verschiedenen Sprachen zu erlernen. Dabei kann der Sprachausdruck auch per Audio ausgegeben werden und die richtige Aussprache zu trainieren.<\/p>\n\n\n\n<h1 class=\"gb-headline gb-headline-8b30c946 gb-headline-text\" id=\"ecole\"><strong>Zum weiteren Lernen<\/strong><\/h1><br>\n\n\n\n<p class=\"has-global-color-16-color has-text-color\" style=\"font-size:19px\"><strong>TEAN bietet ein Zifferblatt welches die 24 Stunden des Tages darstellt,<\/strong> um die Uhr vollst\u00e4ndig zu erlernen, sowie einen \u00dcbungsmodus ohne Zeitbeschr\u00e4nkung und besonders die Hauptlernseiten in Form von Quiz mit ansteigender Schwierigkeit und Geschwindigkeit.<\/p>\n\n\n\n<p class=\"has-global-color-16-color has-text-color\" style=\"font-size:19px\"><strong>TEAN bietet mehrere Quiz mit progressivem Schwierigkeitsgrad an:<\/strong> um das Ablesen der Zeit anhand der Zeiger zu \u00fcben \/ um Begriffe wie \u201eViertel vor&#8220;, &#8222;f\u00fcnf nach halb&#8220;, &#8222;zehn nach\u201c usw. zu verstehen und zu benutzen.<\/p>\n\n\n\n<h1 class=\"gb-headline gb-headline-b136cc9b gb-headline-text\" id=\"ecole\"><strong>UND AUF ENGLISCH ODER FRANZ\u00d6SISCH ?&#8230;<\/strong><\/h1><br>\n\n\n\n<p>In der Schule, ab ca 8 Jahren : um die Zeitbegriffe wie &#8222;Viertel vor&#8220;, f\u00fcnf nach halb&#8220; oder &#8222;zehn nach&#8220; auf Deutsch, Englisch, Franz\u00f6sisch oder einer der anderen vielen Sprachen zu \u00fcben. <\/p>\n\n\n\n<p class=\"has-global-color-16-color has-text-color\"><strong>TEAN bietet mehrere Quiz zum Erlernen von Zeitausdr\u00fccken<\/strong> in 16 verschiedenen Sprachen an, darunter <strong>Franz\u00f6sisch<\/strong> und <strong>Englisch<\/strong>.<\/p>\n\n\n\n<h2 class=\"gb-headline gb-headline-0cc839ff gb-headline-text\"><strong>Zum runterladen und installieren auf Deinem Android Handy\/Tablet oder Deinem iPhone\/iPad (iOS ab ver.16) <\/strong> bietet die TEAN App <strong>:<\/strong><\/h2>\n\n\n\n<p>11 progressive Zifferbl\u00e4tter zur Auswahl, um die Zeit auf zunehmend vereinfachten Zifferbl\u00e4ttern abzulesen; viele Sprachen verf\u00fcgbar, um das Lesen des Zeitausdrucks in mehreren Sprachen zu \u00fcben, fast alle mit Sprachausgabe.<\/p>\n\n\n<div class=\"gb-container gb-container-5a808a79\">\n<div class=\"gb-grid-wrapper gb-grid-wrapper-1addbce4\">\n<div class=\"gb-grid-column gb-grid-column-fdffec14\"><div class=\"gb-container gb-container-fdffec14\">\n<div class=\"wp-block-image is-resized\">\n<figure class=\"alignleft size-large\"><img loading=\"lazy\" decoding=\"async\" width=\"461\" height=\"1024\" src=\"https:\/\/tean.ch\/wp-content\/uploads\/2026\/03\/20260223-Screenshot-Home-Screen-French-461x1024.png\" alt=\"\" class=\"wp-image-5310\" srcset=\"https:\/\/tean.ch\/wp-content\/uploads\/2026\/03\/20260223-Screenshot-Home-Screen-French-461x1024.png 461w, https:\/\/tean.ch\/wp-content\/uploads\/2026\/03\/20260223-Screenshot-Home-Screen-French-135x300.png 135w, https:\/\/tean.ch\/wp-content\/uploads\/2026\/03\/20260223-Screenshot-Home-Screen-French-768x1707.png 768w, https:\/\/tean.ch\/wp-content\/uploads\/2026\/03\/20260223-Screenshot-Home-Screen-French-691x1536.png 691w, https:\/\/tean.ch\/wp-content\/uploads\/2026\/03\/20260223-Screenshot-Home-Screen-French-922x2048.png 922w, https:\/\/tean.ch\/wp-content\/uploads\/2026\/03\/20260223-Screenshot-Home-Screen-French.png 1080w\" sizes=\"auto, (max-width: 461px) 100vw, 461px\" \/><figcaption class=\"wp-element-caption\">Quiz: 11 progressive Zifferbl\u00e4tter, 3 Geschwindigkeiten, 16 Sprachen &#8230;<\/figcaption><\/figure>\n<\/div>\n<\/div><\/div>\n\n<div class=\"gb-grid-column gb-grid-column-120dca43\"><div class=\"gb-container gb-container-120dca43\">\n<div class=\"wp-block-image is-resized\">\n<figure class=\"alignleft size-large\"><img loading=\"lazy\" decoding=\"async\" width=\"461\" height=\"1024\" src=\"https:\/\/tean.ch\/wp-content\/uploads\/2026\/03\/20260223-Screenshot-Time-Reader-French-461x1024.png\" alt=\"\" class=\"wp-image-5313\" srcset=\"https:\/\/tean.ch\/wp-content\/uploads\/2026\/03\/20260223-Screenshot-Time-Reader-French-461x1024.png 461w, https:\/\/tean.ch\/wp-content\/uploads\/2026\/03\/20260223-Screenshot-Time-Reader-French-135x300.png 135w, https:\/\/tean.ch\/wp-content\/uploads\/2026\/03\/20260223-Screenshot-Time-Reader-French-768x1707.png 768w, https:\/\/tean.ch\/wp-content\/uploads\/2026\/03\/20260223-Screenshot-Time-Reader-French-691x1536.png 691w, https:\/\/tean.ch\/wp-content\/uploads\/2026\/03\/20260223-Screenshot-Time-Reader-French-922x2048.png 922w, https:\/\/tean.ch\/wp-content\/uploads\/2026\/03\/20260223-Screenshot-Time-Reader-French.png 1080w\" sizes=\"auto, (max-width: 461px) 100vw, 461px\" \/><figcaption class=\"wp-element-caption\">&#8230;die Zeitansage in Audio,<\/figcaption><\/figure>\n<\/div>\n<\/div><\/div>\n<\/div>\n<\/div>\n\n<div class=\"gb-grid-wrapper gb-grid-wrapper-7c320b3a\">\n<div class=\"gb-grid-column gb-grid-column-0bccf68d\"><div class=\"gb-container gb-container-0bccf68d\">\n<div class=\"wp-block-image is-resized\">\n<figure class=\"alignleft size-large\"><img loading=\"lazy\" decoding=\"async\" width=\"461\" height=\"1024\" src=\"https:\/\/tean.ch\/wp-content\/uploads\/2026\/03\/20260223-Screenshot-Digital-Good-Answer-1-461x1024.png\" alt=\"\" class=\"wp-image-5315\" style=\"aspect-ratio:0.45020719155193156;object-fit:cover\" srcset=\"https:\/\/tean.ch\/wp-content\/uploads\/2026\/03\/20260223-Screenshot-Digital-Good-Answer-1-461x1024.png 461w, https:\/\/tean.ch\/wp-content\/uploads\/2026\/03\/20260223-Screenshot-Digital-Good-Answer-1-135x300.png 135w, https:\/\/tean.ch\/wp-content\/uploads\/2026\/03\/20260223-Screenshot-Digital-Good-Answer-1-768x1707.png 768w, https:\/\/tean.ch\/wp-content\/uploads\/2026\/03\/20260223-Screenshot-Digital-Good-Answer-1-691x1536.png 691w, https:\/\/tean.ch\/wp-content\/uploads\/2026\/03\/20260223-Screenshot-Digital-Good-Answer-1-922x2048.png 922w, https:\/\/tean.ch\/wp-content\/uploads\/2026\/03\/20260223-Screenshot-Digital-Good-Answer-1.png 1080w\" sizes=\"auto, (max-width: 461px) 100vw, 461px\" \/><figcaption class=\"wp-element-caption\">&#8230; das Quiz zum Lesen der Analoguhr, <\/figcaption><\/figure>\n<\/div>\n<\/div><\/div>\n\n<div class=\"gb-grid-column gb-grid-column-b7c9ec8e\"><div class=\"gb-container gb-container-b7c9ec8e\">\n\n<figure class=\"wp-block-image size-large is-resized\"><img loading=\"lazy\" decoding=\"async\" width=\"461\" height=\"1024\" src=\"https:\/\/tean.ch\/wp-content\/uploads\/2026\/03\/20260223-ScreenshotFrench-Language-Quiz-Bad-Answer-1-461x1024.png\" alt=\"\" class=\"wp-image-5316\" style=\"aspect-ratio:0.45019984012789765;object-fit:cover\" srcset=\"https:\/\/tean.ch\/wp-content\/uploads\/2026\/03\/20260223-ScreenshotFrench-Language-Quiz-Bad-Answer-1-461x1024.png 461w, https:\/\/tean.ch\/wp-content\/uploads\/2026\/03\/20260223-ScreenshotFrench-Language-Quiz-Bad-Answer-1-135x300.png 135w, https:\/\/tean.ch\/wp-content\/uploads\/2026\/03\/20260223-ScreenshotFrench-Language-Quiz-Bad-Answer-1-768x1707.png 768w, https:\/\/tean.ch\/wp-content\/uploads\/2026\/03\/20260223-ScreenshotFrench-Language-Quiz-Bad-Answer-1-691x1536.png 691w, https:\/\/tean.ch\/wp-content\/uploads\/2026\/03\/20260223-ScreenshotFrench-Language-Quiz-Bad-Answer-1-922x2048.png 922w, https:\/\/tean.ch\/wp-content\/uploads\/2026\/03\/20260223-ScreenshotFrench-Language-Quiz-Bad-Answer-1.png 1080w\" sizes=\"auto, (max-width: 461px) 100vw, 461px\" \/><figcaption class=\"wp-element-caption\">.. das Quiz zum Erlernen des Zeitausdrucks, mit Hilfe auf dem Zifferblatt<\/figcaption><\/figure>\n\n<\/div><\/div>\n<\/div>\n\n<div class=\"gb-grid-wrapper gb-grid-wrapper-d65b405c\">\n<div class=\"gb-grid-column gb-grid-column-a5f23fec\"><div class=\"gb-container gb-container-a5f23fec\">\n<div class=\"wp-block-image is-resized\">\n<figure class=\"alignleft size-large\"><img loading=\"lazy\" decoding=\"async\" width=\"461\" height=\"1024\" src=\"https:\/\/tean.ch\/wp-content\/uploads\/2026\/03\/20260223-Screenshot-24h-Quiz-Good-Answer-1-461x1024.png\" alt=\"\" class=\"wp-image-5318\" srcset=\"https:\/\/tean.ch\/wp-content\/uploads\/2026\/03\/20260223-Screenshot-24h-Quiz-Good-Answer-1-461x1024.png 461w, https:\/\/tean.ch\/wp-content\/uploads\/2026\/03\/20260223-Screenshot-24h-Quiz-Good-Answer-1-135x300.png 135w, https:\/\/tean.ch\/wp-content\/uploads\/2026\/03\/20260223-Screenshot-24h-Quiz-Good-Answer-1-768x1707.png 768w, https:\/\/tean.ch\/wp-content\/uploads\/2026\/03\/20260223-Screenshot-24h-Quiz-Good-Answer-1-691x1536.png 691w, https:\/\/tean.ch\/wp-content\/uploads\/2026\/03\/20260223-Screenshot-24h-Quiz-Good-Answer-1-922x2048.png 922w, https:\/\/tean.ch\/wp-content\/uploads\/2026\/03\/20260223-Screenshot-24h-Quiz-Good-Answer-1.png 1080w\" sizes=\"auto, (max-width: 461px) 100vw, 461px\" \/><figcaption class=\"wp-element-caption\">&#8230; das Quiz um die 24 Stunden des Tages zu erlernen<\/figcaption><\/figure>\n<\/div>\n<\/div><\/div>\n\n<div class=\"gb-grid-column gb-grid-column-697fd971\"><div class=\"gb-container gb-container-697fd971\">\n\n<figure class=\"wp-block-image size-large is-resized\"><img loading=\"lazy\" decoding=\"async\" width=\"461\" height=\"1024\" src=\"https:\/\/tean.ch\/wp-content\/uploads\/2026\/03\/20260223-Screenshot-ScoreSelectorDigitalQuiz-2-461x1024.png\" alt=\"\" class=\"wp-image-5317\" style=\"aspect-ratio:0.4501838235294118;object-fit:contain\" srcset=\"https:\/\/tean.ch\/wp-content\/uploads\/2026\/03\/20260223-Screenshot-ScoreSelectorDigitalQuiz-2-461x1024.png 461w, https:\/\/tean.ch\/wp-content\/uploads\/2026\/03\/20260223-Screenshot-ScoreSelectorDigitalQuiz-2-135x300.png 135w, https:\/\/tean.ch\/wp-content\/uploads\/2026\/03\/20260223-Screenshot-ScoreSelectorDigitalQuiz-2-768x1707.png 768w, https:\/\/tean.ch\/wp-content\/uploads\/2026\/03\/20260223-Screenshot-ScoreSelectorDigitalQuiz-2-691x1536.png 691w, https:\/\/tean.ch\/wp-content\/uploads\/2026\/03\/20260223-Screenshot-ScoreSelectorDigitalQuiz-2-922x2048.png 922w, https:\/\/tean.ch\/wp-content\/uploads\/2026\/03\/20260223-Screenshot-ScoreSelectorDigitalQuiz-2.png 1080w\" sizes=\"auto, (max-width: 461px) 100vw, 461px\" \/><figcaption class=\"wp-element-caption\">.. und eine \u00fcbersichtliche Anzeige \u00fcber die bereits geschafften Level.<\/figcaption><\/figure>\n\n<\/div><\/div>\n<\/div>\n\n<div class=\"gb-button-wrapper gb-button-wrapper-d82ba490\">\n\n<a class=\"gb-button gb-button-66537393 gb-button-text\" href=\"https:\/\/play.google.com\/store\/apps\/details?id=com.nectoria.teanappmobile\">TEAN App f\u00fcr Android<\/a><br>\n\n\n\n<a class=\"gb-button gb-button-ed3b557e gb-button-text\" href=\"https:\/\/apps.apple.com\/us\/app\/tean-learning-clock\/id6467243177?platform=iphone\">TEAN App f\u00fcr iPhone\/iPad<\/a><br>\n\n<\/div>\n<\/div><\/div>\n<p class=\"has-text-align-center\" style=\"font-size:28px\"><strong><a href=\"https:\/\/tean.ch\/de\/\">Zur\u00fcck zur Startseite<\/a><\/strong><\/p>\n","protected":false},"excerpt":{"rendered":"<p>SCHULE : F\u00dcR WEN IST DIE TEAN APP ? F\u00fcr Lehrer und Sch\u00fcler der Grundschule die ein interaktives und kurzweiliges Lernwerkzeug zum Erlernen der Uhr &#8230; <a title=\"Lehrer-innen\" class=\"read-more\" href=\"https:\/\/tean.ch\/de\/eltern-und-lehrer-innen\/\" aria-label=\"Mehr zu Lehrer-innen\">Read More<\/a><\/p>\n","protected":false},"author":1,"featured_media":0,"parent":0,"menu_order":0,"comment_status":"closed","ping_status":"closed","template":"","meta":{"footnotes":""},"class_list":["post-3456","page","type-page","status-publish"],"yoast_head":"<!-- This site is optimized with the Yoast SEO plugin v27.6 - https:\/\/yoast.com\/product\/yoast-seo-wordpress\/ -->\n<title>Lehrer-innen - TEAN<\/title>\n<meta name=\"robots\" content=\"index, follow, max-snippet:-1, max-image-preview:large, max-video-preview:-1\" \/>\n<link rel=\"canonical\" href=\"https:\/\/tean.ch\/de\/eltern-und-lehrer-innen\/\" \/>\n<meta property=\"og:locale\" content=\"de_DE\" \/>\n<meta property=\"og:type\" content=\"article\" \/>\n<meta property=\"og:title\" content=\"Lehrer-innen - TEAN\" \/>\n<meta property=\"og:description\" content=\"SCHULE : F\u00dcR WEN IST DIE TEAN APP ? F\u00fcr Lehrer und Sch\u00fcler der Grundschule die ein interaktives und kurzweiliges Lernwerkzeug zum Erlernen der Uhr ... Read More\" \/>\n<meta property=\"og:url\" content=\"https:\/\/tean.ch\/de\/eltern-und-lehrer-innen\/\" \/>\n<meta property=\"og:site_name\" content=\"TEAN\" \/>\n<meta property=\"article:modified_time\" content=\"2026-03-31T07:46:33+00:00\" \/>\n<meta property=\"og:image\" content=\"https:\/\/tean.ch\/wp-content\/uploads\/2026\/03\/20260223-Screenshot-Home-Screen-French.png\" \/>\n\t<meta property=\"og:image:width\" content=\"1080\" \/>\n\t<meta property=\"og:image:height\" content=\"2400\" \/>\n\t<meta property=\"og:image:type\" content=\"image\/png\" \/>\n<meta name=\"twitter:card\" content=\"summary_large_image\" \/>\n<meta name=\"twitter:label1\" content=\"Gesch\u00e4tzte Lesezeit\" \/>\n\t<meta name=\"twitter:data1\" content=\"4\u00a0Minuten\" \/>\n<script type=\"application\/ld+json\" class=\"yoast-schema-graph\">{\"@context\":\"https:\\\/\\\/schema.org\",\"@graph\":[{\"@type\":\"WebPage\",\"@id\":\"https:\\\/\\\/tean.ch\\\/de\\\/eltern-und-lehrer-innen\\\/\",\"url\":\"https:\\\/\\\/tean.ch\\\/de\\\/eltern-und-lehrer-innen\\\/\",\"name\":\"Lehrer-innen - TEAN\",\"isPartOf\":{\"@id\":\"https:\\\/\\\/tean.ch\\\/de\\\/#website\"},\"primaryImageOfPage\":{\"@id\":\"https:\\\/\\\/tean.ch\\\/de\\\/eltern-und-lehrer-innen\\\/#primaryimage\"},\"image\":{\"@id\":\"https:\\\/\\\/tean.ch\\\/de\\\/eltern-und-lehrer-innen\\\/#primaryimage\"},\"thumbnailUrl\":\"https:\\\/\\\/tean.ch\\\/wp-content\\\/uploads\\\/2026\\\/03\\\/20260223-Screenshot-Home-Screen-French-461x1024.png\",\"datePublished\":\"2021-01-08T09:51:42+00:00\",\"dateModified\":\"2026-03-31T07:46:33+00:00\",\"breadcrumb\":{\"@id\":\"https:\\\/\\\/tean.ch\\\/de\\\/eltern-und-lehrer-innen\\\/#breadcrumb\"},\"inLanguage\":\"de\",\"potentialAction\":[{\"@type\":\"ReadAction\",\"target\":[\"https:\\\/\\\/tean.ch\\\/de\\\/eltern-und-lehrer-innen\\\/\"]}]},{\"@type\":\"ImageObject\",\"inLanguage\":\"de\",\"@id\":\"https:\\\/\\\/tean.ch\\\/de\\\/eltern-und-lehrer-innen\\\/#primaryimage\",\"url\":\"https:\\\/\\\/tean.ch\\\/wp-content\\\/uploads\\\/2026\\\/03\\\/20260223-Screenshot-Home-Screen-French-461x1024.png\",\"contentUrl\":\"https:\\\/\\\/tean.ch\\\/wp-content\\\/uploads\\\/2026\\\/03\\\/20260223-Screenshot-Home-Screen-French-461x1024.png\"},{\"@type\":\"BreadcrumbList\",\"@id\":\"https:\\\/\\\/tean.ch\\\/de\\\/eltern-und-lehrer-innen\\\/#breadcrumb\",\"itemListElement\":[{\"@type\":\"ListItem\",\"position\":1,\"name\":\"Accueil\",\"item\":\"https:\\\/\\\/tean.ch\\\/de\\\/\"},{\"@type\":\"ListItem\",\"position\":2,\"name\":\"Lehrer-innen\"}]},{\"@type\":\"WebSite\",\"@id\":\"https:\\\/\\\/tean.ch\\\/de\\\/#website\",\"url\":\"https:\\\/\\\/tean.ch\\\/de\\\/\",\"name\":\"TEAN\",\"description\":\"Un site utilisant WordPress\",\"publisher\":{\"@id\":\"https:\\\/\\\/tean.ch\\\/de\\\/#organization\"},\"potentialAction\":[{\"@type\":\"SearchAction\",\"target\":{\"@type\":\"EntryPoint\",\"urlTemplate\":\"https:\\\/\\\/tean.ch\\\/de\\\/?s={search_term_string}\"},\"query-input\":{\"@type\":\"PropertyValueSpecification\",\"valueRequired\":true,\"valueName\":\"search_term_string\"}}],\"inLanguage\":\"de\"},{\"@type\":\"Organization\",\"@id\":\"https:\\\/\\\/tean.ch\\\/de\\\/#organization\",\"name\":\"TEAN\",\"url\":\"https:\\\/\\\/tean.ch\\\/de\\\/\",\"logo\":{\"@type\":\"ImageObject\",\"inLanguage\":\"de\",\"@id\":\"https:\\\/\\\/tean.ch\\\/de\\\/#\\\/schema\\\/logo\\\/image\\\/\",\"url\":\"https:\\\/\\\/tean.ch\\\/wp-content\\\/uploads\\\/2022\\\/03\\\/cropped-cropped-Copie-de-LogoTEAN-Black-860x430-1.png\",\"contentUrl\":\"https:\\\/\\\/tean.ch\\\/wp-content\\\/uploads\\\/2022\\\/03\\\/cropped-cropped-Copie-de-LogoTEAN-Black-860x430-1.png\",\"width\":860,\"height\":429,\"caption\":\"TEAN\"},\"image\":{\"@id\":\"https:\\\/\\\/tean.ch\\\/de\\\/#\\\/schema\\\/logo\\\/image\\\/\"}}]}<\/script>\n<!-- \/ Yoast SEO plugin. -->","yoast_head_json":{"title":"Lehrer-innen - TEAN","robots":{"index":"index","follow":"follow","max-snippet":"max-snippet:-1","max-image-preview":"max-image-preview:large","max-video-preview":"max-video-preview:-1"},"canonical":"https:\/\/tean.ch\/de\/eltern-und-lehrer-innen\/","og_locale":"de_DE","og_type":"article","og_title":"Lehrer-innen - TEAN","og_description":"SCHULE : F\u00dcR WEN IST DIE TEAN APP ? F\u00fcr Lehrer und Sch\u00fcler der Grundschule die ein interaktives und kurzweiliges Lernwerkzeug zum Erlernen der Uhr ... Read More","og_url":"https:\/\/tean.ch\/de\/eltern-und-lehrer-innen\/","og_site_name":"TEAN","article_modified_time":"2026-03-31T07:46:33+00:00","og_image":[{"width":1080,"height":2400,"url":"https:\/\/tean.ch\/wp-content\/uploads\/2026\/03\/20260223-Screenshot-Home-Screen-French.png","type":"image\/png"}],"twitter_card":"summary_large_image","twitter_misc":{"Gesch\u00e4tzte Lesezeit":"4\u00a0Minuten"},"schema":{"@context":"https:\/\/schema.org","@graph":[{"@type":"WebPage","@id":"https:\/\/tean.ch\/de\/eltern-und-lehrer-innen\/","url":"https:\/\/tean.ch\/de\/eltern-und-lehrer-innen\/","name":"Lehrer-innen - TEAN","isPartOf":{"@id":"https:\/\/tean.ch\/de\/#website"},"primaryImageOfPage":{"@id":"https:\/\/tean.ch\/de\/eltern-und-lehrer-innen\/#primaryimage"},"image":{"@id":"https:\/\/tean.ch\/de\/eltern-und-lehrer-innen\/#primaryimage"},"thumbnailUrl":"https:\/\/tean.ch\/wp-content\/uploads\/2026\/03\/20260223-Screenshot-Home-Screen-French-461x1024.png","datePublished":"2021-01-08T09:51:42+00:00","dateModified":"2026-03-31T07:46:33+00:00","breadcrumb":{"@id":"https:\/\/tean.ch\/de\/eltern-und-lehrer-innen\/#breadcrumb"},"inLanguage":"de","potentialAction":[{"@type":"ReadAction","target":["https:\/\/tean.ch\/de\/eltern-und-lehrer-innen\/"]}]},{"@type":"ImageObject","inLanguage":"de","@id":"https:\/\/tean.ch\/de\/eltern-und-lehrer-innen\/#primaryimage","url":"https:\/\/tean.ch\/wp-content\/uploads\/2026\/03\/20260223-Screenshot-Home-Screen-French-461x1024.png","contentUrl":"https:\/\/tean.ch\/wp-content\/uploads\/2026\/03\/20260223-Screenshot-Home-Screen-French-461x1024.png"},{"@type":"BreadcrumbList","@id":"https:\/\/tean.ch\/de\/eltern-und-lehrer-innen\/#breadcrumb","itemListElement":[{"@type":"ListItem","position":1,"name":"Accueil","item":"https:\/\/tean.ch\/de\/"},{"@type":"ListItem","position":2,"name":"Lehrer-innen"}]},{"@type":"WebSite","@id":"https:\/\/tean.ch\/de\/#website","url":"https:\/\/tean.ch\/de\/","name":"TEAN","description":"Un site utilisant WordPress","publisher":{"@id":"https:\/\/tean.ch\/de\/#organization"},"potentialAction":[{"@type":"SearchAction","target":{"@type":"EntryPoint","urlTemplate":"https:\/\/tean.ch\/de\/?s={search_term_string}"},"query-input":{"@type":"PropertyValueSpecification","valueRequired":true,"valueName":"search_term_string"}}],"inLanguage":"de"},{"@type":"Organization","@id":"https:\/\/tean.ch\/de\/#organization","name":"TEAN","url":"https:\/\/tean.ch\/de\/","logo":{"@type":"ImageObject","inLanguage":"de","@id":"https:\/\/tean.ch\/de\/#\/schema\/logo\/image\/","url":"https:\/\/tean.ch\/wp-content\/uploads\/2022\/03\/cropped-cropped-Copie-de-LogoTEAN-Black-860x430-1.png","contentUrl":"https:\/\/tean.ch\/wp-content\/uploads\/2022\/03\/cropped-cropped-Copie-de-LogoTEAN-Black-860x430-1.png","width":860,"height":429,"caption":"TEAN"},"image":{"@id":"https:\/\/tean.ch\/de\/#\/schema\/logo\/image\/"}}]}},"_links":{"self":[{"href":"https:\/\/tean.ch\/de\/wp-json\/wp\/v2\/pages\/3456","targetHints":{"allow":["GET"]}}],"collection":[{"href":"https:\/\/tean.ch\/de\/wp-json\/wp\/v2\/pages"}],"about":[{"href":"https:\/\/tean.ch\/de\/wp-json\/wp\/v2\/types\/page"}],"author":[{"embeddable":true,"href":"https:\/\/tean.ch\/de\/wp-json\/wp\/v2\/users\/1"}],"replies":[{"embeddable":true,"href":"https:\/\/tean.ch\/de\/wp-json\/wp\/v2\/comments?post=3456"}],"version-history":[{"count":25,"href":"https:\/\/tean.ch\/de\/wp-json\/wp\/v2\/pages\/3456\/revisions"}],"predecessor-version":[{"id":5345,"href":"https:\/\/tean.ch\/de\/wp-json\/wp\/v2\/pages\/3456\/revisions\/5345"}],"wp:attachment":[{"href":"https:\/\/tean.ch\/de\/wp-json\/wp\/v2\/media?parent=3456"}],"curies":[{"name":"wp","href":"https:\/\/api.w.org\/{rel}","templated":true}]}}