{"id":3452,"date":"2021-01-09T12:49:24","date_gmt":"2021-01-09T11:49:24","guid":{"rendered":"https:\/\/tean.ch\/ueber-uns\/"},"modified":"2024-09-23T09:13:37","modified_gmt":"2024-09-23T07:13:37","slug":"ueber-uns","status":"publish","type":"page","link":"https:\/\/tean.ch\/de\/ueber-uns\/","title":{"rendered":"\u00dcber uns"},"content":{"rendered":"<div class=\"gb-container gb-container-aed942d4\"><div class=\"gb-inside-container\">\n<div class=\"gb-grid-wrapper gb-grid-wrapper-4e3d6dc6\">\n<div class=\"gb-grid-column gb-grid-column-b29d8c10\"><div class=\"gb-container gb-container-b29d8c10\"><div class=\"gb-inside-container\">\n\n<h2 class=\"wp-block-heading\"><strong>L\u2019 App TEAN<\/strong> <strong>&#8211; pens\u00e9e en famille\u00a0!<\/strong><\/h2>\n\n\n<div class=\"gb-grid-wrapper gb-grid-wrapper-859078d6\">\n<div class=\"gb-grid-column gb-grid-column-f31a6c3c\"><div class=\"gb-container gb-container-f31a6c3c\"><div class=\"gb-inside-container\">\n<div class=\"wp-block-image\">\n<figure class=\"aligncenter size-large\"><img loading=\"lazy\" decoding=\"async\" width=\"927\" height=\"1024\" src=\"https:\/\/tean.ch\/wp-content\/uploads\/2022\/05\/Tean-equipe-05.22-927x1024.jpg\" alt=\"\" class=\"wp-image-2671\" srcset=\"https:\/\/tean.ch\/wp-content\/uploads\/2022\/05\/Tean-equipe-05.22-927x1024.jpg 927w, https:\/\/tean.ch\/wp-content\/uploads\/2022\/05\/Tean-equipe-05.22-271x300.jpg 271w, https:\/\/tean.ch\/wp-content\/uploads\/2022\/05\/Tean-equipe-05.22-768x849.jpg 768w, https:\/\/tean.ch\/wp-content\/uploads\/2022\/05\/Tean-equipe-05.22-1390x1536.jpg 1390w, https:\/\/tean.ch\/wp-content\/uploads\/2022\/05\/Tean-equipe-05.22.jpg 1466w\" sizes=\"auto, (max-width: 927px) 100vw, 927px\" \/><figcaption class=\"wp-element-caption\">Am Anfang gab es ein besonderes Bed\u00fcrfnis die j\u00fcngere unserer T\u00f6chter beim Erlernen der analogen Uhr besonders zu unterst\u00fctzen.<\/figcaption><\/figure>\n<\/div>\n<\/div><\/div><\/div>\n<\/div>\n\n\n<p class=\"has-text-align-center has-medium-font-size\"><strong>Eine originelle Idee &#8211; entwickelt mit unseren Kindern<\/strong><\/p>\n\n\n\n<p class=\"has-text-align-center has-medium-font-size\"><strong>Ein Konzept daf\u00fcr entwickelt, die Zeigeruhr weiterleben zu lassen<\/strong>, <\/p>\n\n\n\n<p class=\"has-text-align-center has-medium-font-size\"><strong>denn die Zeit ist analog !<\/strong><\/p>\n\n\n<div class=\"gb-container gb-container-1effc559\"><div class=\"gb-inside-container\">\n<div class=\"gb-container gb-container-80ede3ed\"><div class=\"gb-inside-container\">\n\n<p class=\"has-text-align-left has-medium-font-size\">Wir sind eine Schweizer Familie, die in der franz\u00f6sischsprachigen Schweiz am Ufer des Genfersees lebt. F\u00fcr die j\u00fcngste unserer T\u00f6chter haben wir ein analoges Zifferblatt zur <strong>Anzeige der 24 Stunden<\/strong> entwickelt. Dabei wurde uns klar, dass unsere \u00e4lteren Kinder die das mal konnten<strong>einfach verlernt hatten die Zeit an den Zeigern einer Uhr abzulesen<\/strong>. Die digitale Zeit ist allgegenw\u00e4rtig und damit \u201e\u00fcben\u201c sie diese Lesart nicht mehr. Gleichzeitig musste unser J\u00fcngster lernen, die Uhrzeit auf Deutsch und Englisch zu lesen, w\u00e4hrend Begriffe wie <strong>\u201eViertel nach..\u201c oder \u201ezwanzig vor\u201c <\/strong>waren ihm nicht mehr bekannt. Bei einer einfachen Umfrage um uns herum stellten wir fest, dass unsere Kinder bei weitem nicht die einzigen in dieser Situation waren.<\/p>\n\n\n\n<p class=\"has-text-align-left has-medium-font-size\"><strong>Dies ist bei vielen jungen Erwachsenen der Fall. <\/strong>Mach&#8216; doch einfach mal selbst den Test um Dich herum!<\/p>\n\n\n\n<p class=\"has-text-align-left has-medium-font-size\">Diese \u00dcberlegungen haben uns dazu bewogen, dieses Projekt zu starten. Es entstand aus dem Austausch und den Diskussionen mit unseren Kindern, aus unserem Familien-Brainstorming. Jeder hat mitgeholfen und einen Teil seiner Vision und seines K\u00f6nnens eingebracht.<\/p>\n\n\n\n<p class=\"has-text-align-left has-medium-font-size\">So haben wir die TEAN App entwickelt.<\/p>\n\n\n\n<p class=\"has-text-align-left has-medium-font-size\"><strong>ZWECK<\/strong>: Einfaches Erlernen\/Neulernen oder \u00dcben des Ablesens der Uhrzeit auf einem analogen Zifferblatt durch:<\/p>\n\n\n\n<ul class=\"wp-block-list\">\n<li><strong>11 zunehmend abstraktere Zifferbl\u00e4tter<\/strong><\/li>\n\n\n\n<li><strong>3 Arten Quiz<\/strong><\/li>\n\n\n\n<li>die <strong>Zeitausdr\u00fccke sind in mehr als 15 Sprachen<\/strong> verf\u00fcgbar<\/li>\n\n\n\n<li>une option <strong>lecture des expressions \u00e0 &#8222;voix haute&#8220;<\/strong>&#13;\nin manchen Sprachen mit Audio <strong>zum Zuh\u00f6ren<\/strong> wie man es sagt.<\/li>\n<\/ul>\n\n\n\n<p> <\/p>\n\n<\/div><\/div>\n<\/div><\/div>\n<\/div><\/div><\/div>\n<\/div>\n<\/div><\/div><div class=\"gb-container gb-container-bd3c06a1\"><div class=\"gb-inside-container\">\n<div class=\"gb-button-wrapper gb-button-wrapper-d82ba490\">\n\n<a class=\"gb-button gb-button-66537393 gb-button-text\" href=\"https:\/\/play.google.com\/store\/apps\/details?id=com.nectoria.teanappmobile\">Die App f\u00fcr Dein Android Handy<\/a>\r\n\n\n\n<a class=\"gb-button gb-button-ed3b557e gb-button-text\" href=\"https:\/\/apps.apple.com\/us\/app\/tean-learning-clock\/id6467243177?platform=iphone\">Die App f\u00fcr Dein iPhone\/iPad<\/a>\r\n\n<\/div>\n\n\n<hr class=\"wp-block-separator has-alpha-channel-opacity\"\/>\n\n\n\n<p class=\"has-text-align-center\" style=\"font-size:28px\"><strong><a href=\"https:\/\/tean.ch\/de\/\">Zur\u00fcck zur Startseite<\/a><\/strong><\/p>\n\n<\/div><div class=\"gb-shapes\"><div class=\"gb-shape gb-shape-1\"><svg xmlns=\"http:\/\/www.w3.org\/2000\/svg\" viewBox=\"0 0 1200 100\" preserveAspectRatio=\"none\"><path d=\"M1200 100H0V0l400 77.2L1200 0z\"\/><\/svg><\/div><\/div><\/div><div class=\"gb-container gb-container-6cb9ca27\"><div class=\"gb-inside-container\">\n\n<h2 class=\"wp-block-heading has-text-align-center\">F\u00fcr mehr info k\u00f6nnt ihr uns gerne kontaktieren :<\/h2>\n\n\n<div class=\"gb-button-wrapper gb-button-wrapper-ff82fad9\">\n\n<a class=\"gb-button gb-button-f51d859a gb-button-text\" href=\"https:\/\/tean.ch\/de\/kontakt\/\">info@tean.ch<\/a>\r\n\n<\/div>\n<\/div><\/div>","protected":false},"excerpt":{"rendered":"<p>Zur\u00fcck zur Startseite F\u00fcr mehr info k\u00f6nnt ihr uns gerne kontaktieren :<\/p>\n","protected":false},"author":1,"featured_media":0,"parent":0,"menu_order":0,"comment_status":"closed","ping_status":"closed","template":"","meta":{"footnotes":""},"class_list":["post-3452","page","type-page","status-publish"],"yoast_head":"<!-- This site is optimized with the Yoast SEO plugin v27.6 - https:\/\/yoast.com\/product\/yoast-seo-wordpress\/ -->\n<title>\u00dcber uns - TEAN<\/title>\n<meta name=\"description\" content=\"Eine Familiengeschichte. Lerne die Analoguhr abzulesen. Neue Zifferbl\u00e4tter. Bringe es Kindern und Jugendlichen bei.\" \/>\n<meta name=\"robots\" content=\"index, follow, max-snippet:-1, max-image-preview:large, max-video-preview:-1\" \/>\n<link rel=\"canonical\" href=\"https:\/\/tean.ch\/de\/ueber-uns\/\" \/>\n<meta property=\"og:locale\" content=\"de_DE\" \/>\n<meta property=\"og:type\" content=\"article\" \/>\n<meta property=\"og:title\" content=\"\u00dcber uns - TEAN\" \/>\n<meta property=\"og:description\" content=\"Eine Familiengeschichte. Lerne die Analoguhr abzulesen. Neue Zifferbl\u00e4tter. Bringe es Kindern und Jugendlichen bei.\" \/>\n<meta property=\"og:url\" content=\"https:\/\/tean.ch\/de\/ueber-uns\/\" \/>\n<meta property=\"og:site_name\" content=\"TEAN\" \/>\n<meta property=\"article:modified_time\" content=\"2024-09-23T07:13:37+00:00\" \/>\n<meta property=\"og:image\" content=\"https:\/\/tean.ch\/wp-content\/uploads\/2022\/05\/Tean-equipe-05.22-927x1024.jpg\" \/>\n<meta name=\"twitter:card\" content=\"summary_large_image\" \/>\n<meta name=\"twitter:label1\" content=\"Gesch\u00e4tzte Lesezeit\" \/>\n\t<meta name=\"twitter:data1\" content=\"2\u00a0Minuten\" \/>\n<script type=\"application\/ld+json\" class=\"yoast-schema-graph\">{\"@context\":\"https:\\\/\\\/schema.org\",\"@graph\":[{\"@type\":\"WebPage\",\"@id\":\"https:\\\/\\\/tean.ch\\\/de\\\/ueber-uns\\\/\",\"url\":\"https:\\\/\\\/tean.ch\\\/de\\\/ueber-uns\\\/\",\"name\":\"\u00dcber uns - TEAN\",\"isPartOf\":{\"@id\":\"https:\\\/\\\/tean.ch\\\/de\\\/#website\"},\"primaryImageOfPage\":{\"@id\":\"https:\\\/\\\/tean.ch\\\/de\\\/ueber-uns\\\/#primaryimage\"},\"image\":{\"@id\":\"https:\\\/\\\/tean.ch\\\/de\\\/ueber-uns\\\/#primaryimage\"},\"thumbnailUrl\":\"https:\\\/\\\/tean.ch\\\/wp-content\\\/uploads\\\/2022\\\/05\\\/Tean-equipe-05.22-927x1024.jpg\",\"datePublished\":\"2021-01-09T11:49:24+00:00\",\"dateModified\":\"2024-09-23T07:13:37+00:00\",\"description\":\"Eine Familiengeschichte. Lerne die Analoguhr abzulesen. Neue Zifferbl\u00e4tter. Bringe es Kindern und Jugendlichen bei.\",\"breadcrumb\":{\"@id\":\"https:\\\/\\\/tean.ch\\\/de\\\/ueber-uns\\\/#breadcrumb\"},\"inLanguage\":\"de\",\"potentialAction\":[{\"@type\":\"ReadAction\",\"target\":[\"https:\\\/\\\/tean.ch\\\/de\\\/ueber-uns\\\/\"]}]},{\"@type\":\"ImageObject\",\"inLanguage\":\"de\",\"@id\":\"https:\\\/\\\/tean.ch\\\/de\\\/ueber-uns\\\/#primaryimage\",\"url\":\"https:\\\/\\\/tean.ch\\\/wp-content\\\/uploads\\\/2022\\\/05\\\/Tean-equipe-05.22-927x1024.jpg\",\"contentUrl\":\"https:\\\/\\\/tean.ch\\\/wp-content\\\/uploads\\\/2022\\\/05\\\/Tean-equipe-05.22-927x1024.jpg\"},{\"@type\":\"BreadcrumbList\",\"@id\":\"https:\\\/\\\/tean.ch\\\/de\\\/ueber-uns\\\/#breadcrumb\",\"itemListElement\":[{\"@type\":\"ListItem\",\"position\":1,\"name\":\"Accueil\",\"item\":\"https:\\\/\\\/tean.ch\\\/de\\\/\"},{\"@type\":\"ListItem\",\"position\":2,\"name\":\"\u00dcber uns\"}]},{\"@type\":\"WebSite\",\"@id\":\"https:\\\/\\\/tean.ch\\\/de\\\/#website\",\"url\":\"https:\\\/\\\/tean.ch\\\/de\\\/\",\"name\":\"TEAN\",\"description\":\"Un site utilisant WordPress\",\"publisher\":{\"@id\":\"https:\\\/\\\/tean.ch\\\/de\\\/#organization\"},\"potentialAction\":[{\"@type\":\"SearchAction\",\"target\":{\"@type\":\"EntryPoint\",\"urlTemplate\":\"https:\\\/\\\/tean.ch\\\/de\\\/?s={search_term_string}\"},\"query-input\":{\"@type\":\"PropertyValueSpecification\",\"valueRequired\":true,\"valueName\":\"search_term_string\"}}],\"inLanguage\":\"de\"},{\"@type\":\"Organization\",\"@id\":\"https:\\\/\\\/tean.ch\\\/de\\\/#organization\",\"name\":\"TEAN\",\"url\":\"https:\\\/\\\/tean.ch\\\/de\\\/\",\"logo\":{\"@type\":\"ImageObject\",\"inLanguage\":\"de\",\"@id\":\"https:\\\/\\\/tean.ch\\\/de\\\/#\\\/schema\\\/logo\\\/image\\\/\",\"url\":\"https:\\\/\\\/tean.ch\\\/wp-content\\\/uploads\\\/2022\\\/03\\\/cropped-cropped-Copie-de-LogoTEAN-Black-860x430-1.png\",\"contentUrl\":\"https:\\\/\\\/tean.ch\\\/wp-content\\\/uploads\\\/2022\\\/03\\\/cropped-cropped-Copie-de-LogoTEAN-Black-860x430-1.png\",\"width\":860,\"height\":429,\"caption\":\"TEAN\"},\"image\":{\"@id\":\"https:\\\/\\\/tean.ch\\\/de\\\/#\\\/schema\\\/logo\\\/image\\\/\"}}]}<\/script>\n<!-- \/ Yoast SEO plugin. -->","yoast_head_json":{"title":"\u00dcber uns - TEAN","description":"Eine Familiengeschichte. Lerne die Analoguhr abzulesen. Neue Zifferbl\u00e4tter. Bringe es Kindern und Jugendlichen bei.","robots":{"index":"index","follow":"follow","max-snippet":"max-snippet:-1","max-image-preview":"max-image-preview:large","max-video-preview":"max-video-preview:-1"},"canonical":"https:\/\/tean.ch\/de\/ueber-uns\/","og_locale":"de_DE","og_type":"article","og_title":"\u00dcber uns - TEAN","og_description":"Eine Familiengeschichte. Lerne die Analoguhr abzulesen. Neue Zifferbl\u00e4tter. Bringe es Kindern und Jugendlichen bei.","og_url":"https:\/\/tean.ch\/de\/ueber-uns\/","og_site_name":"TEAN","article_modified_time":"2024-09-23T07:13:37+00:00","og_image":[{"url":"https:\/\/tean.ch\/wp-content\/uploads\/2022\/05\/Tean-equipe-05.22-927x1024.jpg","type":"","width":"","height":""}],"twitter_card":"summary_large_image","twitter_misc":{"Gesch\u00e4tzte Lesezeit":"2\u00a0Minuten"},"schema":{"@context":"https:\/\/schema.org","@graph":[{"@type":"WebPage","@id":"https:\/\/tean.ch\/de\/ueber-uns\/","url":"https:\/\/tean.ch\/de\/ueber-uns\/","name":"\u00dcber uns - TEAN","isPartOf":{"@id":"https:\/\/tean.ch\/de\/#website"},"primaryImageOfPage":{"@id":"https:\/\/tean.ch\/de\/ueber-uns\/#primaryimage"},"image":{"@id":"https:\/\/tean.ch\/de\/ueber-uns\/#primaryimage"},"thumbnailUrl":"https:\/\/tean.ch\/wp-content\/uploads\/2022\/05\/Tean-equipe-05.22-927x1024.jpg","datePublished":"2021-01-09T11:49:24+00:00","dateModified":"2024-09-23T07:13:37+00:00","description":"Eine Familiengeschichte. Lerne die Analoguhr abzulesen. Neue Zifferbl\u00e4tter. Bringe es Kindern und Jugendlichen bei.","breadcrumb":{"@id":"https:\/\/tean.ch\/de\/ueber-uns\/#breadcrumb"},"inLanguage":"de","potentialAction":[{"@type":"ReadAction","target":["https:\/\/tean.ch\/de\/ueber-uns\/"]}]},{"@type":"ImageObject","inLanguage":"de","@id":"https:\/\/tean.ch\/de\/ueber-uns\/#primaryimage","url":"https:\/\/tean.ch\/wp-content\/uploads\/2022\/05\/Tean-equipe-05.22-927x1024.jpg","contentUrl":"https:\/\/tean.ch\/wp-content\/uploads\/2022\/05\/Tean-equipe-05.22-927x1024.jpg"},{"@type":"BreadcrumbList","@id":"https:\/\/tean.ch\/de\/ueber-uns\/#breadcrumb","itemListElement":[{"@type":"ListItem","position":1,"name":"Accueil","item":"https:\/\/tean.ch\/de\/"},{"@type":"ListItem","position":2,"name":"\u00dcber uns"}]},{"@type":"WebSite","@id":"https:\/\/tean.ch\/de\/#website","url":"https:\/\/tean.ch\/de\/","name":"TEAN","description":"Un site utilisant WordPress","publisher":{"@id":"https:\/\/tean.ch\/de\/#organization"},"potentialAction":[{"@type":"SearchAction","target":{"@type":"EntryPoint","urlTemplate":"https:\/\/tean.ch\/de\/?s={search_term_string}"},"query-input":{"@type":"PropertyValueSpecification","valueRequired":true,"valueName":"search_term_string"}}],"inLanguage":"de"},{"@type":"Organization","@id":"https:\/\/tean.ch\/de\/#organization","name":"TEAN","url":"https:\/\/tean.ch\/de\/","logo":{"@type":"ImageObject","inLanguage":"de","@id":"https:\/\/tean.ch\/de\/#\/schema\/logo\/image\/","url":"https:\/\/tean.ch\/wp-content\/uploads\/2022\/03\/cropped-cropped-Copie-de-LogoTEAN-Black-860x430-1.png","contentUrl":"https:\/\/tean.ch\/wp-content\/uploads\/2022\/03\/cropped-cropped-Copie-de-LogoTEAN-Black-860x430-1.png","width":860,"height":429,"caption":"TEAN"},"image":{"@id":"https:\/\/tean.ch\/de\/#\/schema\/logo\/image\/"}}]}},"_links":{"self":[{"href":"https:\/\/tean.ch\/de\/wp-json\/wp\/v2\/pages\/3452","targetHints":{"allow":["GET"]}}],"collection":[{"href":"https:\/\/tean.ch\/de\/wp-json\/wp\/v2\/pages"}],"about":[{"href":"https:\/\/tean.ch\/de\/wp-json\/wp\/v2\/types\/page"}],"author":[{"embeddable":true,"href":"https:\/\/tean.ch\/de\/wp-json\/wp\/v2\/users\/1"}],"replies":[{"embeddable":true,"href":"https:\/\/tean.ch\/de\/wp-json\/wp\/v2\/comments?post=3452"}],"version-history":[{"count":13,"href":"https:\/\/tean.ch\/de\/wp-json\/wp\/v2\/pages\/3452\/revisions"}],"predecessor-version":[{"id":4882,"href":"https:\/\/tean.ch\/de\/wp-json\/wp\/v2\/pages\/3452\/revisions\/4882"}],"wp:attachment":[{"href":"https:\/\/tean.ch\/de\/wp-json\/wp\/v2\/media?parent=3452"}],"curies":[{"name":"wp","href":"https:\/\/api.w.org\/{rel}","templated":true}]}}