{"id":3355,"date":"2021-01-05T16:47:58","date_gmt":"2021-01-05T15:47:58","guid":{"rendered":"https:\/\/tean.ch\/willkommen\/"},"modified":"2026-04-09T15:49:24","modified_gmt":"2026-04-09T13:49:24","slug":"willkommen","status":"publish","type":"page","link":"https:\/\/tean.ch\/de\/","title":{"rendered":"Willkommen"},"content":{"rendered":"<div class=\"gb-container gb-container-c1f1455e\"><div class=\"gb-inside-container\">\n<div class=\"gb-container gb-container-a8e17ee5\">\n\n<h1 class=\"gb-headline gb-headline-3f0e483a gb-headline-text\">TEAN im Fernsehen<\/h1><br>\n\n\n\n<p><strong><a href=\"https:\/\/www.rts.ch\/info\/societe\/2026\/article\/une-application-suisse-reapprend-aux-jeunes-a-lire-l-heure-sur-un-cadran-29196924.html\">Sendung RTS 19h30 vom 28 M\u00e4rz 2026<\/a><\/strong><\/p>\n\n\n\n<figure class=\"wp-block-image size-large\"><a href=\"https:\/\/www.rts.ch\/info\/societe\/2026\/article\/une-application-suisse-reapprend-aux-jeunes-a-lire-l-heure-sur-un-cadran-29196924.html\"><img loading=\"lazy\" decoding=\"async\" width=\"1024\" height=\"576\" src=\"https:\/\/tean.ch\/wp-content\/uploads\/2026\/04\/image-1024x576.png\" alt=\"\" class=\"wp-image-5348\" srcset=\"https:\/\/tean.ch\/wp-content\/uploads\/2026\/04\/image-1024x576.png 1024w, https:\/\/tean.ch\/wp-content\/uploads\/2026\/04\/image-300x169.png 300w, https:\/\/tean.ch\/wp-content\/uploads\/2026\/04\/image-768x432.png 768w, https:\/\/tean.ch\/wp-content\/uploads\/2026\/04\/image.png 1280w\" sizes=\"auto, (max-width: 1024px) 100vw, 1024px\" \/><\/a><\/figure>\n\n\n\n<hr class=\"wp-block-separator has-alpha-channel-opacity\"\/>\n\n\n\n<h1 class=\"gb-headline gb-headline-47303974 gb-headline-text\">TEAN in den Schulen<\/h1><br>\n\n\n\n<p class=\"has-contrast-color has-text-color has-medium-font-size\">Nach ausf\u00fchrlichen Tests hat der Schweizer Kanton Waadt unsere App \u201eTEAN \u2013 lerne die Uhr\u201c 2025 im \u00f6ffentlichen Schulsystem eingef\u00fchrt und stellt sie damit etwa 100&#8217;000 Sch\u00fclern zur Verf\u00fcgung. Wir sind stolz auf diese Leistung und dankbar f\u00fcr das Vertrauen in unsere Arbeit als kleines Familienunternehmen.<br\/>Z\u00f6gern Sie nicht uns unter info@tean.ch zu kontaktieren wenn Ihr Schulsystem ebenfalls an einer Nutzung unserer App interessiert ist.<\/p>\n\n\n\n<hr class=\"wp-block-separator has-alpha-channel-opacity\"\/>\n\n\n\n<figure class=\"wp-block-image size-full\"><img loading=\"lazy\" decoding=\"async\" width=\"685\" height=\"994\" src=\"https:\/\/tean.ch\/wp-content\/uploads\/2026\/02\/TEAN-Avis-Utilisateurs-2.png\" alt=\"\" class=\"wp-image-5294\" srcset=\"https:\/\/tean.ch\/wp-content\/uploads\/2026\/02\/TEAN-Avis-Utilisateurs-2.png 685w, https:\/\/tean.ch\/wp-content\/uploads\/2026\/02\/TEAN-Avis-Utilisateurs-2-207x300.png 207w\" sizes=\"auto, (max-width: 685px) 100vw, 685px\" \/><\/figure>\n\n\n\n<hr class=\"wp-block-separator has-text-color has-global-color-16-color has-alpha-channel-opacity has-global-color-16-background-color has-background is-style-default\"\/>\n\n<\/div>\n\n<div class=\"gb-grid-wrapper gb-grid-wrapper-3ad94129\">\n<div class=\"gb-grid-column gb-grid-column-a9445b77\"><div class=\"gb-container gb-container-a9445b77\"><div class=\"gb-inside-container\">\n<div class=\"gb-container gb-container-7a77dda1\"><div class=\"gb-inside-container\">\n\n<div class=\"wp-block-columns has-medium-font-size is-layout-flex wp-container-core-columns-is-layout-9d6595d7 wp-block-columns-is-layout-flex\">\n<div class=\"wp-block-column is-layout-flow wp-block-column-is-layout-flow\" style=\"flex-basis:200px\">\n<figure class=\"wp-block-image size-large is-resized\"><a href=\"https:\/\/www.facebook.com\/profile.php?id=61555388160708\"><img loading=\"lazy\" decoding=\"async\" width=\"1024\" height=\"1024\" src=\"https:\/\/tean.ch\/wp-content\/uploads\/2024\/01\/Facebook_Logo_2023-1-1024x1024.png\" alt=\"\" class=\"wp-image-4787\" style=\"object-fit:cover;width:70px;height:70px\" srcset=\"https:\/\/tean.ch\/wp-content\/uploads\/2024\/01\/Facebook_Logo_2023-1-1024x1024.png 1024w, https:\/\/tean.ch\/wp-content\/uploads\/2024\/01\/Facebook_Logo_2023-1-300x300.png 300w, https:\/\/tean.ch\/wp-content\/uploads\/2024\/01\/Facebook_Logo_2023-1-150x150.png 150w, https:\/\/tean.ch\/wp-content\/uploads\/2024\/01\/Facebook_Logo_2023-1-768x768.png 768w, https:\/\/tean.ch\/wp-content\/uploads\/2024\/01\/Facebook_Logo_2023-1-1536x1536.png 1536w, https:\/\/tean.ch\/wp-content\/uploads\/2024\/01\/Facebook_Logo_2023-1-2048x2048.png 2048w\" sizes=\"auto, (max-width: 1024px) 100vw, 1024px\" \/><\/a><\/figure>\n<\/div>\n\n\n\n<div class=\"wp-block-column is-layout-flow wp-block-column-is-layout-flow\" style=\"flex-basis:100%\">\n<figure class=\"gb-block-image gb-block-image-8d9180c1\"><a href=\"https:\/\/play.google.com\/store\/apps\/details?id=com.nectoria.teanappmobile\"><img loading=\"lazy\" decoding=\"async\" width=\"186\" height=\"57\" class=\"gb-image gb-image-8d9180c1\" src=\"https:\/\/tean.ch\/wp-content\/uploads\/2022\/07\/GooglePlay.png\" alt=\"\" title=\"GooglePlay\"\/><\/a><\/figure><br>\n<\/div>\n\n\n\n<div class=\"wp-block-column is-layout-flow wp-block-column-is-layout-flow\" style=\"flex-basis:100%\">\n<figure class=\"gb-block-image gb-block-image-392d0747\"><a href=\"https:\/\/apps.apple.com\/us\/app\/tean-learning-clock\/id6467243177?platform=iphone\"><img loading=\"lazy\" decoding=\"async\" width=\"2560\" height=\"885\" class=\"gb-image gb-image-392d0747\" src=\"https:\/\/tean.ch\/wp-content\/uploads\/2023\/10\/apple-app-store-logo-3-scaled.jpg\" alt=\"\" title=\"apple-app-store-logo-3\" srcset=\"https:\/\/tean.ch\/wp-content\/uploads\/2023\/10\/apple-app-store-logo-3-scaled.jpg 2560w, https:\/\/tean.ch\/wp-content\/uploads\/2023\/10\/apple-app-store-logo-3-300x104.jpg 300w, https:\/\/tean.ch\/wp-content\/uploads\/2023\/10\/apple-app-store-logo-3-1024x354.jpg 1024w, https:\/\/tean.ch\/wp-content\/uploads\/2023\/10\/apple-app-store-logo-3-768x265.jpg 768w, https:\/\/tean.ch\/wp-content\/uploads\/2023\/10\/apple-app-store-logo-3-1536x531.jpg 1536w, https:\/\/tean.ch\/wp-content\/uploads\/2023\/10\/apple-app-store-logo-3-2048x708.jpg 2048w\" sizes=\"auto, (max-width: 2560px) 100vw, 2560px\" \/><\/a><\/figure><br>\n<\/div>\n<\/div>\n\n<\/div><\/div>\n\n\n<h1 class=\"gb-headline gb-headline-6758775c gb-headline-text\"><strong>Kannst Du die Zeit ohne Zahlen ablesen? Hier lernst Du es!<\/strong><\/h1>\n\n\n\n<h2 class=\"gb-headline gb-headline-687d1899 gb-headline-text\">Lerne es..oder erlerne es wieder!!<\/h2><br>\n\n\n\n<h2 class=\"gb-headline gb-headline-b2baa78f gb-headline-text\">Entdecke unsere App \r\nund installiere sie auf Dein <strong>Handy oder Tablet <a \r\nhref=\"https:\/\/play.google.com\/store\/apps\/details?id=com.nectoria.teanappmobile\">Android<\/a><\/strong> oder <strong><a href=\"https:\/\/apps.apple.com\/us\/app\/tean-learning-clock\/id6467243177?platform=iphone\">iOS<\/a><\/strong> (ab iOS16)<\/h2>\n\n\n\n<p class=\"has-text-color has-medium-font-size\" style=\"color:#e76496\"><strong>Eine App von schweizer Handarbeit:<\/strong><br\/>Konzept: Natacha, Mutter von 4 Kindern<br\/>Design: Christian, ihr Mann<br\/>Entwicklung: Alexandre, junger schweizer Programmierer<\/p>\n\n\n\n<p class=\"has-medium-font-size\"><strong>Die Zeit von einer Uhr in einem Augenblick ablesen&#8230;nur durch die Position der zwei Zeiger f\u00fcr Stunde und Minute &#8230;ist das noch intuitiv f\u00fcr unsere j\u00fcngere Generation?<\/strong><\/p>\n\n<\/div><\/div><\/div>\n\n<div class=\"gb-grid-column gb-grid-column-b646afd2\"><div class=\"gb-container gb-container-b646afd2\">\n<div class=\"wp-block-image\">\n<figure class=\"aligncenter size-full\"><img loading=\"lazy\" decoding=\"async\" width=\"472\" height=\"473\" src=\"https:\/\/tean.ch\/wp-content\/uploads\/2022\/04\/WF7_GuessTheMinute_10h35-1.png\" alt=\"\" class=\"wp-image-2544\" srcset=\"https:\/\/tean.ch\/wp-content\/uploads\/2022\/04\/WF7_GuessTheMinute_10h35-1.png 472w, https:\/\/tean.ch\/wp-content\/uploads\/2022\/04\/WF7_GuessTheMinute_10h35-1-300x300.png 300w, https:\/\/tean.ch\/wp-content\/uploads\/2022\/04\/WF7_GuessTheMinute_10h35-1-150x150.png 150w\" sizes=\"auto, (max-width: 472px) 100vw, 472px\" \/><\/figure>\n<\/div>\n<\/div><\/div>\n<\/div>\n<\/div><div class=\"gb-shapes\"><div class=\"gb-shape gb-shape-1\"><svg xmlns=\"http:\/\/www.w3.org\/2000\/svg\" viewBox=\"0 0 1200 100\" preserveAspectRatio=\"none\"><path d=\"M1200 100H0V0l400 77.2L1200 0z\"\/><\/svg><\/div><\/div><\/div><div class=\"gb-container gb-container-4be02b6a\"><div class=\"gb-inside-container\">\n\n<p class=\"has-text-align-left has-medium-font-size\">In Europa aber auch in den USA k\u00f6nnen die jungen Leute heute nicht mehr die Uhrzeit einfach anhand der Zeiger ablesen.<strong><a href=\"https:\/\/tean.ch\/de\/eltern-und-lehrer-innen\/\"> Wie kann das sein ?<\/a><\/strong><\/p>\n\n\n\n<hr class=\"wp-block-separator has-alpha-channel-opacity is-style-default\"\/>\n\n\n\n<p class=\"has-text-align-left\" style=\"font-size:31px\"><strong>Die TEAN App ist f\u00fcr :<\/strong><\/p>\n\n\n\n<p class=\"has-text-align-left has-medium-font-size\"><strong>f\u00fcr Lehrer und Eltern<\/strong> : von Grundsch\u00fclern die lernen die Uhr zu lesen und die Uhrzeit richtig auszusprechen (&#8222;ein Viertel vor&#8220;, &#8222;f\u00fcnf vor halb&#8220;, &#8222;zehn nach&#8220;, usw.) auf <strong> Deutsch, English, Franz\u00f6sisch und vielen anderen Sprachen<\/strong>.<\/p>\n\n\n\n<p class=\"has-text-align-left has-medium-font-size\">F\u00fcr junge und weniger junge Leute die wieder lernen wollen <strong>wie man die Uhr <\/strong> auf einem <strong>analogen Zifferblatt abliest<\/strong> (10 Zifferbl\u00e4tter mit zunehmender Schwierigkeit zur Auswahl).<\/p>\n\n\n\n<p class=\"has-text-align-left has-medium-font-size\">Sch\u00fcler die einfach die <strong>Zeitausdr\u00fccke<\/strong> \u00fcben m\u00f6chten, wie z.B. &#8222;ein Viertel vor&#8220;,  &#8222;f\u00fcnf nach halb&#8220;, &#8222;zwanzig nach&#8220; : auf <strong>deutsch<\/strong>, <strong>englisch<\/strong>, <strong>franz\u00f6sisch<\/strong> und 12 weiteren Sprachen.<\/p>\n\n\n\n<hr class=\"wp-block-separator has-alpha-channel-opacity is-style-default\"\/>\n\n\n\n<p class=\"has-text-align-left\" style=\"font-size:31px\"><strong>Das bietet die TEAN App:<\/strong><\/p>\n\n\n<div class=\"wp-block-image\">\n<figure class=\"aligncenter size-full\"><img loading=\"lazy\" decoding=\"async\" width=\"472\" height=\"473\" src=\"https:\/\/tean.ch\/wp-content\/uploads\/2022\/04\/WF0_24h_10h35.png\" alt=\"\" class=\"wp-image-2549\" srcset=\"https:\/\/tean.ch\/wp-content\/uploads\/2022\/04\/WF0_24h_10h35.png 472w, https:\/\/tean.ch\/wp-content\/uploads\/2022\/04\/WF0_24h_10h35-300x300.png 300w, https:\/\/tean.ch\/wp-content\/uploads\/2022\/04\/WF0_24h_10h35-150x150.png 150w\" sizes=\"auto, (max-width: 472px) 100vw, 472px\" \/><figcaption class=\"wp-element-caption\">6 Zifferbl\u00e4tter von einfach bis abstrakt mit zunehmender Schwierigkeit, sowie ein Zifferblatt mit r\u00f6mischen Ziffern, eines mit arabischen Ziffern und ein besonders welches die 24 Stunden des Tages anzeigt.<\/figcaption><\/figure>\n<\/div>\n\n\n<figure class=\"gb-block-image gb-block-image-b1d09100\"><img loading=\"lazy\" decoding=\"async\" width=\"483\" height=\"1024\" class=\"gb-image gb-image-b1d09100\" src=\"https:\/\/tean.ch\/wp-content\/uploads\/2023\/09\/Screenshot_20230909_173954_TEAN-Analog-Learning-Clock-1-483x1024.jpg\" srcset=\"https:\/\/tean.ch\/wp-content\/uploads\/2023\/09\/Screenshot_20230909_173954_TEAN-Analog-Learning-Clock-1-483x1024.jpg 483w, https:\/\/tean.ch\/wp-content\/uploads\/2023\/09\/Screenshot_20230909_173954_TEAN-Analog-Learning-Clock-1-141x300.jpg 141w, https:\/\/tean.ch\/wp-content\/uploads\/2023\/09\/Screenshot_20230909_173954_TEAN-Analog-Learning-Clock-1-768x1628.jpg 768w, https:\/\/tean.ch\/wp-content\/uploads\/2023\/09\/Screenshot_20230909_173954_TEAN-Analog-Learning-Clock-1-724x1536.jpg 724w, https:\/\/tean.ch\/wp-content\/uploads\/2023\/09\/Screenshot_20230909_173954_TEAN-Analog-Learning-Clock-1-966x2048.jpg 966w, https:\/\/tean.ch\/wp-content\/uploads\/2023\/09\/Screenshot_20230909_173954_TEAN-Analog-Learning-Clock-1.jpg 1080w\" sizes=\"auto, (max-width: 483px) 100vw, 483px\" \/><\/figure><br>\n\n\n\n<p class=\"has-text-align-left\">Sprachliche Ausdr\u00fccke f\u00fcr die Zeit, wie man es wirklich sagt, in vielen Sprachen, die meisten davon auch mit Audio zum anh\u00f6ren.<\/p>\n\n\n\n<figure class=\"gb-block-image gb-block-image-dc386f91\"><img loading=\"lazy\" decoding=\"async\" width=\"473\" height=\"1024\" class=\"gb-image gb-image-dc386f91\" src=\"https:\/\/tean.ch\/wp-content\/uploads\/2025\/01\/Quiz-Digital-Good-Answer-473x1024.png\" alt=\"\" title=\"Quiz Digital Good Answer\" srcset=\"https:\/\/tean.ch\/wp-content\/uploads\/2025\/01\/Quiz-Digital-Good-Answer-473x1024.png 473w, https:\/\/tean.ch\/wp-content\/uploads\/2025\/01\/Quiz-Digital-Good-Answer-139x300.png 139w, https:\/\/tean.ch\/wp-content\/uploads\/2025\/01\/Quiz-Digital-Good-Answer-768x1662.png 768w, https:\/\/tean.ch\/wp-content\/uploads\/2025\/01\/Quiz-Digital-Good-Answer-710x1536.png 710w, https:\/\/tean.ch\/wp-content\/uploads\/2025\/01\/Quiz-Digital-Good-Answer-946x2048.png 946w, https:\/\/tean.ch\/wp-content\/uploads\/2025\/01\/Quiz-Digital-Good-Answer.png 1170w\" sizes=\"auto, (max-width: 473px) 100vw, 473px\" \/><\/figure><br>\n\n\n\n<p>Das Digital Quiz zum Erlernen des Ablesens der Analoguhr einfach durch die Stellung von Stunden- und Minutenzeiger.<\/p>\n\n\n\n<figure class=\"gb-block-image gb-block-image-ed68bf31\"><img loading=\"lazy\" decoding=\"async\" width=\"473\" height=\"1024\" class=\"gb-image gb-image-ed68bf31\" src=\"https:\/\/tean.ch\/wp-content\/uploads\/2025\/01\/Quiz-Langue-DE-473x1024.png\" srcset=\"https:\/\/tean.ch\/wp-content\/uploads\/2025\/01\/Quiz-Langue-DE-473x1024.png 473w, https:\/\/tean.ch\/wp-content\/uploads\/2025\/01\/Quiz-Langue-DE-139x300.png 139w, https:\/\/tean.ch\/wp-content\/uploads\/2025\/01\/Quiz-Langue-DE-768x1662.png 768w, https:\/\/tean.ch\/wp-content\/uploads\/2025\/01\/Quiz-Langue-DE-710x1536.png 710w, https:\/\/tean.ch\/wp-content\/uploads\/2025\/01\/Quiz-Langue-DE-946x2048.png 946w, https:\/\/tean.ch\/wp-content\/uploads\/2025\/01\/Quiz-Langue-DE.png 1170w\" sizes=\"auto, (max-width: 473px) 100vw, 473px\" \/><\/figure><br>\n\n\n\n<p class=\"has-text-align-left has-medium-font-size\">Das Sprachen Quiz zum Erlernen wie man die Zeit richtig ansagt &#8211; in vielen Sprachen.<\/p>\n\n\n\n<figure class=\"gb-block-image gb-block-image-56331e84\"><img loading=\"lazy\" decoding=\"async\" width=\"473\" height=\"1024\" class=\"gb-image gb-image-56331e84\" src=\"https:\/\/tean.ch\/wp-content\/uploads\/2025\/01\/Quiz-24h-Good-Answer-473x1024.png\" srcset=\"https:\/\/tean.ch\/wp-content\/uploads\/2025\/01\/Quiz-24h-Good-Answer-473x1024.png 473w, https:\/\/tean.ch\/wp-content\/uploads\/2025\/01\/Quiz-24h-Good-Answer-139x300.png 139w, https:\/\/tean.ch\/wp-content\/uploads\/2025\/01\/Quiz-24h-Good-Answer-768x1662.png 768w, https:\/\/tean.ch\/wp-content\/uploads\/2025\/01\/Quiz-24h-Good-Answer-710x1536.png 710w, https:\/\/tean.ch\/wp-content\/uploads\/2025\/01\/Quiz-24h-Good-Answer-946x2048.png 946w, https:\/\/tean.ch\/wp-content\/uploads\/2025\/01\/Quiz-24h-Good-Answer.png 1170w\" sizes=\"auto, (max-width: 473px) 100vw, 473px\" \/><\/figure><br>\n\n\n\n<p class=\"has-text-align-left\">Das 24-Stunden Quiz zum Erlernen wie die 24 Stunden des Tages auf einer Analoguhr dargestellt werden &#8211; gar nicht so einfach!<\/p>\n\n\n\n<p><strong>Und hier noch: Das user feedback: <\/strong><\/p>\n\n\n\n<figure class=\"gb-block-image gb-block-image-9809763e\"><img decoding=\"async\" class=\"gb-image gb-image-9809763e\" src=\"https:\/\/tean.ch\/wp-content\/uploads\/2025\/10\/20251031-TEAN-app-feedback-Play-Console-German.jpg\" alt=\"\" title=\"20251031-TEAN-app-feedback-Play-Console-German\"\/><\/figure><br>\n\n\n\n<p>Vielen Dank !<\/p>\n\n\n\n<hr class=\"wp-block-separator has-alpha-channel-opacity is-style-default\"\/>\n\n<\/div><\/div><div class=\"gb-container gb-container-efb08b12\"><div class=\"gb-inside-container\"><\/div><div class=\"gb-shapes\"><div class=\"gb-shape gb-shape-1\"><svg xmlns=\"http:\/\/www.w3.org\/2000\/svg\" viewBox=\"0 0 1200 100\" preserveAspectRatio=\"none\"><path d=\"M1200 100H0V0l400 77.2L1200 0z\"\/><\/svg><\/div><\/div><\/div><div class=\"gb-button-wrapper gb-button-wrapper-d82ba490\">\n\n<a class=\"gb-button gb-button-66537393 gb-button-text\" href=\"https:\/\/play.google.com\/store\/apps\/details?id=com.nectoria.teanappmobile\">App f\u00fcr Dein Android Handy<\/a><br>\n\n\n\n<a class=\"gb-button gb-button-ed3b557e gb-button-text\" href=\"https:\/\/apps.apple.com\/us\/app\/tean-learning-clock\/id6467243177?platform=iphone\">App f\u00fcr Dein iPhone\/iPad<\/a><br>\n\n<\/div>","protected":false},"excerpt":{"rendered":"<p>TEAN im Fernsehen Sendung RTS 19h30 vom 28 M\u00e4rz 2026 TEAN in den Schulen Nach ausf\u00fchrlichen Tests hat der Schweizer Kanton Waadt unsere App \u201eTEAN &#8230; <a title=\"Willkommen\" class=\"read-more\" href=\"https:\/\/tean.ch\/de\/\" aria-label=\"Mehr zu Willkommen\">Read More<\/a><\/p>\n","protected":false},"author":1,"featured_media":0,"parent":0,"menu_order":0,"comment_status":"closed","ping_status":"closed","template":"","meta":{"footnotes":""},"class_list":["post-3355","page","type-page","status-publish"],"yoast_head":"<!-- This site is optimized with the Yoast SEO plugin v27.4 - https:\/\/yoast.com\/product\/yoast-seo-wordpress\/ -->\n<title>Willkommen - TEAN<\/title>\n<meta name=\"robots\" content=\"index, follow, max-snippet:-1, max-image-preview:large, max-video-preview:-1\" \/>\n<link rel=\"canonical\" href=\"https:\/\/tean.ch\/de\/\" \/>\n<meta property=\"og:locale\" content=\"de_DE\" \/>\n<meta property=\"og:type\" content=\"article\" \/>\n<meta property=\"og:title\" content=\"Willkommen - TEAN\" \/>\n<meta property=\"og:description\" content=\"TEAN im Fernsehen Sendung RTS 19h30 vom 28 M\u00e4rz 2026 TEAN in den Schulen Nach ausf\u00fchrlichen Tests hat der Schweizer Kanton Waadt unsere App \u201eTEAN ... Read More\" \/>\n<meta property=\"og:url\" content=\"https:\/\/tean.ch\/de\/\" \/>\n<meta property=\"og:site_name\" content=\"TEAN\" \/>\n<meta property=\"article:modified_time\" content=\"2026-04-09T13:49:24+00:00\" \/>\n<meta property=\"og:image\" content=\"https:\/\/tean.ch\/wp-content\/uploads\/2026\/04\/image.png\" \/>\n\t<meta property=\"og:image:width\" content=\"1280\" \/>\n\t<meta property=\"og:image:height\" content=\"720\" \/>\n\t<meta property=\"og:image:type\" content=\"image\/png\" \/>\n<meta name=\"twitter:card\" content=\"summary_large_image\" \/>\n<meta name=\"twitter:label1\" content=\"Gesch\u00e4tzte Lesezeit\" \/>\n\t<meta name=\"twitter:data1\" content=\"4\u00a0Minuten\" \/>\n<script type=\"application\/ld+json\" class=\"yoast-schema-graph\">{\"@context\":\"https:\\\/\\\/schema.org\",\"@graph\":[{\"@type\":\"WebPage\",\"@id\":\"https:\\\/\\\/tean.ch\\\/de\\\/\",\"url\":\"https:\\\/\\\/tean.ch\\\/de\\\/\",\"name\":\"Willkommen - TEAN\",\"isPartOf\":{\"@id\":\"https:\\\/\\\/tean.ch\\\/de\\\/#website\"},\"primaryImageOfPage\":{\"@id\":\"https:\\\/\\\/tean.ch\\\/de\\\/#primaryimage\"},\"image\":{\"@id\":\"https:\\\/\\\/tean.ch\\\/de\\\/#primaryimage\"},\"thumbnailUrl\":\"https:\\\/\\\/tean.ch\\\/wp-content\\\/uploads\\\/2026\\\/04\\\/image-1024x576.png\",\"datePublished\":\"2021-01-05T15:47:58+00:00\",\"dateModified\":\"2026-04-09T13:49:24+00:00\",\"breadcrumb\":{\"@id\":\"https:\\\/\\\/tean.ch\\\/de\\\/#breadcrumb\"},\"inLanguage\":\"de\",\"potentialAction\":[{\"@type\":\"ReadAction\",\"target\":[\"https:\\\/\\\/tean.ch\\\/de\\\/\"]}]},{\"@type\":\"ImageObject\",\"inLanguage\":\"de\",\"@id\":\"https:\\\/\\\/tean.ch\\\/de\\\/#primaryimage\",\"url\":\"https:\\\/\\\/tean.ch\\\/wp-content\\\/uploads\\\/2026\\\/04\\\/image-1024x576.png\",\"contentUrl\":\"https:\\\/\\\/tean.ch\\\/wp-content\\\/uploads\\\/2026\\\/04\\\/image-1024x576.png\"},{\"@type\":\"BreadcrumbList\",\"@id\":\"https:\\\/\\\/tean.ch\\\/de\\\/#breadcrumb\",\"itemListElement\":[{\"@type\":\"ListItem\",\"position\":1,\"name\":\"Accueil\",\"item\":\"https:\\\/\\\/tean.ch\\\/de\\\/\"},{\"@type\":\"ListItem\",\"position\":2,\"name\":\"Willkommen\"}]},{\"@type\":\"WebSite\",\"@id\":\"https:\\\/\\\/tean.ch\\\/de\\\/#website\",\"url\":\"https:\\\/\\\/tean.ch\\\/de\\\/\",\"name\":\"TEAN\",\"description\":\"Un site utilisant WordPress\",\"publisher\":{\"@id\":\"https:\\\/\\\/tean.ch\\\/de\\\/#organization\"},\"potentialAction\":[{\"@type\":\"SearchAction\",\"target\":{\"@type\":\"EntryPoint\",\"urlTemplate\":\"https:\\\/\\\/tean.ch\\\/de\\\/?s={search_term_string}\"},\"query-input\":{\"@type\":\"PropertyValueSpecification\",\"valueRequired\":true,\"valueName\":\"search_term_string\"}}],\"inLanguage\":\"de\"},{\"@type\":\"Organization\",\"@id\":\"https:\\\/\\\/tean.ch\\\/de\\\/#organization\",\"name\":\"TEAN\",\"url\":\"https:\\\/\\\/tean.ch\\\/de\\\/\",\"logo\":{\"@type\":\"ImageObject\",\"inLanguage\":\"de\",\"@id\":\"https:\\\/\\\/tean.ch\\\/de\\\/#\\\/schema\\\/logo\\\/image\\\/\",\"url\":\"https:\\\/\\\/tean.ch\\\/wp-content\\\/uploads\\\/2022\\\/03\\\/cropped-cropped-Copie-de-LogoTEAN-Black-860x430-1.png\",\"contentUrl\":\"https:\\\/\\\/tean.ch\\\/wp-content\\\/uploads\\\/2022\\\/03\\\/cropped-cropped-Copie-de-LogoTEAN-Black-860x430-1.png\",\"width\":860,\"height\":429,\"caption\":\"TEAN\"},\"image\":{\"@id\":\"https:\\\/\\\/tean.ch\\\/de\\\/#\\\/schema\\\/logo\\\/image\\\/\"}}]}<\/script>\n<!-- \/ Yoast SEO plugin. -->","yoast_head_json":{"title":"Willkommen - TEAN","robots":{"index":"index","follow":"follow","max-snippet":"max-snippet:-1","max-image-preview":"max-image-preview:large","max-video-preview":"max-video-preview:-1"},"canonical":"https:\/\/tean.ch\/de\/","og_locale":"de_DE","og_type":"article","og_title":"Willkommen - TEAN","og_description":"TEAN im Fernsehen Sendung RTS 19h30 vom 28 M\u00e4rz 2026 TEAN in den Schulen Nach ausf\u00fchrlichen Tests hat der Schweizer Kanton Waadt unsere App \u201eTEAN ... Read More","og_url":"https:\/\/tean.ch\/de\/","og_site_name":"TEAN","article_modified_time":"2026-04-09T13:49:24+00:00","og_image":[{"width":1280,"height":720,"url":"https:\/\/tean.ch\/wp-content\/uploads\/2026\/04\/image.png","type":"image\/png"}],"twitter_card":"summary_large_image","twitter_misc":{"Gesch\u00e4tzte Lesezeit":"4\u00a0Minuten"},"schema":{"@context":"https:\/\/schema.org","@graph":[{"@type":"WebPage","@id":"https:\/\/tean.ch\/de\/","url":"https:\/\/tean.ch\/de\/","name":"Willkommen - TEAN","isPartOf":{"@id":"https:\/\/tean.ch\/de\/#website"},"primaryImageOfPage":{"@id":"https:\/\/tean.ch\/de\/#primaryimage"},"image":{"@id":"https:\/\/tean.ch\/de\/#primaryimage"},"thumbnailUrl":"https:\/\/tean.ch\/wp-content\/uploads\/2026\/04\/image-1024x576.png","datePublished":"2021-01-05T15:47:58+00:00","dateModified":"2026-04-09T13:49:24+00:00","breadcrumb":{"@id":"https:\/\/tean.ch\/de\/#breadcrumb"},"inLanguage":"de","potentialAction":[{"@type":"ReadAction","target":["https:\/\/tean.ch\/de\/"]}]},{"@type":"ImageObject","inLanguage":"de","@id":"https:\/\/tean.ch\/de\/#primaryimage","url":"https:\/\/tean.ch\/wp-content\/uploads\/2026\/04\/image-1024x576.png","contentUrl":"https:\/\/tean.ch\/wp-content\/uploads\/2026\/04\/image-1024x576.png"},{"@type":"BreadcrumbList","@id":"https:\/\/tean.ch\/de\/#breadcrumb","itemListElement":[{"@type":"ListItem","position":1,"name":"Accueil","item":"https:\/\/tean.ch\/de\/"},{"@type":"ListItem","position":2,"name":"Willkommen"}]},{"@type":"WebSite","@id":"https:\/\/tean.ch\/de\/#website","url":"https:\/\/tean.ch\/de\/","name":"TEAN","description":"Un site utilisant WordPress","publisher":{"@id":"https:\/\/tean.ch\/de\/#organization"},"potentialAction":[{"@type":"SearchAction","target":{"@type":"EntryPoint","urlTemplate":"https:\/\/tean.ch\/de\/?s={search_term_string}"},"query-input":{"@type":"PropertyValueSpecification","valueRequired":true,"valueName":"search_term_string"}}],"inLanguage":"de"},{"@type":"Organization","@id":"https:\/\/tean.ch\/de\/#organization","name":"TEAN","url":"https:\/\/tean.ch\/de\/","logo":{"@type":"ImageObject","inLanguage":"de","@id":"https:\/\/tean.ch\/de\/#\/schema\/logo\/image\/","url":"https:\/\/tean.ch\/wp-content\/uploads\/2022\/03\/cropped-cropped-Copie-de-LogoTEAN-Black-860x430-1.png","contentUrl":"https:\/\/tean.ch\/wp-content\/uploads\/2022\/03\/cropped-cropped-Copie-de-LogoTEAN-Black-860x430-1.png","width":860,"height":429,"caption":"TEAN"},"image":{"@id":"https:\/\/tean.ch\/de\/#\/schema\/logo\/image\/"}}]}},"_links":{"self":[{"href":"https:\/\/tean.ch\/de\/wp-json\/wp\/v2\/pages\/3355","targetHints":{"allow":["GET"]}}],"collection":[{"href":"https:\/\/tean.ch\/de\/wp-json\/wp\/v2\/pages"}],"about":[{"href":"https:\/\/tean.ch\/de\/wp-json\/wp\/v2\/types\/page"}],"author":[{"embeddable":true,"href":"https:\/\/tean.ch\/de\/wp-json\/wp\/v2\/users\/1"}],"replies":[{"embeddable":true,"href":"https:\/\/tean.ch\/de\/wp-json\/wp\/v2\/comments?post=3355"}],"version-history":[{"count":61,"href":"https:\/\/tean.ch\/de\/wp-json\/wp\/v2\/pages\/3355\/revisions"}],"predecessor-version":[{"id":5354,"href":"https:\/\/tean.ch\/de\/wp-json\/wp\/v2\/pages\/3355\/revisions\/5354"}],"wp:attachment":[{"href":"https:\/\/tean.ch\/de\/wp-json\/wp\/v2\/media?parent=3355"}],"curies":[{"name":"wp","href":"https:\/\/api.w.org\/{rel}","templated":true}]}}